{"id":95,"date":"2024-08-17T18:20:55","date_gmt":"2024-08-17T18:20:55","guid":{"rendered":"https:\/\/evml.ee\/bowling_uus\/?page_id=95"},"modified":"2026-02-28T20:38:08","modified_gmt":"2026-02-28T20:38:08","slug":"treenerid","status":"publish","type":"page","link":"https:\/\/evml.ee\/bowling_uus\/organisatsioon\/treenerid\/","title":{"rendered":"Treenerid"},"content":{"rendered":"\t\t<div data-elementor-type=\"wp-page\" data-elementor-id=\"95\" class=\"elementor elementor-95\" data-elementor-post-type=\"page\">\n\t\t\t\t<div class=\"elementor-element elementor-element-2725ba41 e-flex e-con-boxed e-con e-parent\" data-id=\"2725ba41\" data-element_type=\"container\" data-e-type=\"container\">\n\t\t\t\t\t<div class=\"e-con-inner\">\n\t\t\t\t<div class=\"elementor-element elementor-element-3184e471 elementor-widget elementor-widget-text-editor\" data-id=\"3184e471\" data-element_type=\"widget\" data-e-type=\"widget\" data-widget_type=\"text-editor.default\">\n\t\t\t\t<div class=\"elementor-widget-container\">\n\t\t\t\t\t\t\t\t\t<h4>Treenerid<\/h4><p>European Bowling Federation tunnustatud treenerid:<\/p><table class=\"table table-bordered table-condensed\"><tbody><tr><td>1.<\/td><td><strong>Kert Truus<\/strong><\/td><td>L1 &amp; L2 tase<\/td><\/tr><tr><td>2.<\/td><td><b>Marko M\u00f6lder<\/b><\/td><td>L1 &amp; L2 tase<\/td><\/tr><tr><td>3.<\/td><td><strong>Priit Alep<\/strong><\/td><td>L1 &amp; L2 tase<\/td><\/tr><tr><td>4.<\/td><td><strong>Gunnar Saar<\/strong><\/td><td>L1 tase<\/td><\/tr><tr><td>5.<\/td><td><strong>Maarek Lee<\/strong><\/td><td>L1 tase<\/td><\/tr><tr><td>6.<\/td><td><strong>Tarmo Kast<\/strong><\/td><td>L1 tase<\/td><\/tr><tr><td>7.<\/td><td><strong>\u00dclo Reiman<\/strong><\/td><td>L1 tase<\/td><\/tr><\/tbody><\/table><h4>Juhendajad<\/h4><p>Allj\u00e4rgnevad 18 isikut l\u00e4bisid Al Mare Bowlingus toimunud bowlingu juhendajate kursuse:<\/p><table class=\"table table-bordered table-condensed\"><tbody><tr><td>1.<\/td><td><b>Riho R\u00fc\u00fctel <\/b><\/td><td>P\u00e4rnu &#8211; Perona Bowling<\/td><\/tr><tr><td>2.<\/td><td><b>Taavi Allsalu<\/b><\/td><td>P\u00e4rnu &#8211; Perona Bowling<\/td><\/tr><tr><td>3.<\/td><td><b>Tauri Teevahi <\/b><\/td><td>P\u00e4rnu &#8211; Perona Bowling<\/td><\/tr><tr><td>4.<\/td><td><b>Siim Jakobs <\/b><\/td><td>P\u00e4rnu &#8211; Perona Bowling<\/td><\/tr><tr><td>5.<\/td><td><b>Fredi Arnover<\/b><\/td><td>Rakvere &#8211; Rakvere Bowling<\/td><\/tr><tr><td>6.<\/td><td><b>Martin Ruuto <\/b><\/td><td>Rakvere &#8211; Rakvere Bowling<\/td><\/tr><tr><td>7.<\/td><td><b>Artur Stainbaht <\/b><\/td><td>Rakvere &#8211; Rakvere Bowling<\/td><\/tr><tr><td>8.<\/td><td><b>Sergei Nikitin <\/b><\/td><td>Narva &#8211; Bombey Bowling<\/td><\/tr><tr><td>9.<\/td><td><b>Rainer Peterson <\/b><\/td><td>P\u00f5lva &#8211; Edu Bowling<\/td><\/tr><tr><td>10.<\/td><td><b>Arvi Nebokat <\/b><\/td><td>Haapsalu &#8211; Vanalinna Bowling<\/td><\/tr><tr><td>11.<\/td><td><b>Johanna Kaabel <\/b><\/td><td>Viimsi &#8211; Kuulsaal<\/td><\/tr><tr><td>12.<\/td><td><b>Ants Roos <\/b><\/td><td>Viimsi &#8211; Kuulsaal<\/td><\/tr><tr><td>13.<\/td><td><b>Lev Alas <\/b><\/td><td>Viimsi &#8211; Kuulsaal<\/td><\/tr><tr><td>14.<\/td><td><b>Tauri Esna <\/b><\/td><td>Tallinn &#8211; Kuulsaal<\/td><\/tr><tr><td>15.<\/td><td><b>Rauno Major <\/b><\/td><td>Tallinn &#8211; Kuulsaal<\/td><\/tr><tr><td>16.<\/td><td><b>Leanika Mitri<\/b><\/td><td>Viljandi &#8211; M\u00e4nnim\u00e4e Bowling<\/td><\/tr><tr><td>17.<\/td><td><b>Riina Soovik <\/b><\/td><td>T\u00fcri &#8211; Veskisilla Bowling<\/td><\/tr><tr><td>18.<\/td><td><b>Timofei Grechenko <\/b><\/td><td>Tallinn &#8211; Krabi Bowling<\/td><\/tr><\/tbody><\/table><p>K\u00f5igile on lisaks teadmistele kaasa antud ka vastavad tunnistused. Nende saalide ja isikute juurde v\u00f5ib algajaid huvilisi suunata.<\/p><hr \/><p>J\u00e4rgmise grupi v\u00e4lja\u00f5ppe korraldatakse siis, kui on olemas v\u00e4hemalt 10-12 liikmeline huviliste seltskond.<\/p><p>\u00a0<\/p>\t\t\t\t\t\t\t\t<\/div>\n\t\t\t\t<\/div>\n\t\t\t\t\t<\/div>\n\t\t\t\t<\/div>\n\t\t\t\t<\/div>\n\t\t","protected":false},"excerpt":{"rendered":"<p>Treenerid European Bowling Federation tunnustatud treenerid: 1. Kert Truus L1 &amp; L2 tase 2. Marko M\u00f6lder L1 &amp; L2 tase 3. Priit Alep L1 &amp; L2 tase 4. Gunnar Saar [&hellip;]<\/p>\n","protected":false},"author":2,"featured_media":0,"parent":11,"menu_order":6,"comment_status":"closed","ping_status":"closed","template":"","meta":{"_acf_changed":false,"_monsterinsights_skip_tracking":false,"_monsterinsights_sitenote_active":false,"_monsterinsights_sitenote_note":"","_monsterinsights_sitenote_category":0,"footnotes":""},"class_list":["post-95","page","type-page","status-publish","hentry"],"acf":[],"aioseo_notices":[],"_links":{"self":[{"href":"https:\/\/evml.ee\/bowling_uus\/wp-json\/wp\/v2\/pages\/95","targetHints":{"allow":["GET"]}}],"collection":[{"href":"https:\/\/evml.ee\/bowling_uus\/wp-json\/wp\/v2\/pages"}],"about":[{"href":"https:\/\/evml.ee\/bowling_uus\/wp-json\/wp\/v2\/types\/page"}],"author":[{"embeddable":true,"href":"https:\/\/evml.ee\/bowling_uus\/wp-json\/wp\/v2\/users\/2"}],"replies":[{"embeddable":true,"href":"https:\/\/evml.ee\/bowling_uus\/wp-json\/wp\/v2\/comments?post=95"}],"version-history":[{"count":10,"href":"https:\/\/evml.ee\/bowling_uus\/wp-json\/wp\/v2\/pages\/95\/revisions"}],"predecessor-version":[{"id":2188,"href":"https:\/\/evml.ee\/bowling_uus\/wp-json\/wp\/v2\/pages\/95\/revisions\/2188"}],"up":[{"embeddable":true,"href":"https:\/\/evml.ee\/bowling_uus\/wp-json\/wp\/v2\/pages\/11"}],"wp:attachment":[{"href":"https:\/\/evml.ee\/bowling_uus\/wp-json\/wp\/v2\/media?parent=95"}],"curies":[{"name":"wp","href":"https:\/\/api.w.org\/{rel}","templated":true}]}}