{"id":91,"date":"2024-08-17T18:19:29","date_gmt":"2024-08-17T18:19:29","guid":{"rendered":"https:\/\/evml.ee\/bowling_uus\/?page_id=91"},"modified":"2026-03-07T21:01:36","modified_gmt":"2026-03-07T21:01:36","slug":"otsused","status":"publish","type":"page","link":"https:\/\/evml.ee\/bowling_uus\/organisatsioon\/otsused\/","title":{"rendered":"Otsused"},"content":{"rendered":"\t\t<div data-elementor-type=\"wp-page\" data-elementor-id=\"91\" class=\"elementor elementor-91\" data-elementor-post-type=\"page\">\n\t\t\t\t<div class=\"elementor-element elementor-element-5d4664b3 e-flex e-con-boxed e-con e-parent\" data-id=\"5d4664b3\" data-element_type=\"container\" data-e-type=\"container\">\n\t\t\t\t\t<div class=\"e-con-inner\">\n\t\t\t\t<div class=\"elementor-element elementor-element-72e54548 elementor-widget elementor-widget-text-editor\" data-id=\"72e54548\" data-element_type=\"widget\" data-e-type=\"widget\" data-widget_type=\"text-editor.default\">\n\t\t\t\t<div class=\"elementor-widget-container\">\n\t\t\t\t\t\t\t\t\t<h4>EVML bowlingusektsiooni juhatuse otsused:<\/h4><ul class=\"\"><li><a href=\"https:\/\/evml.ee\/bowling_uus\/wp-content\/uploads\/2026\/03\/otsus_uretaan_pallid_260305.jpg\" target=\"_blank\" rel=\"noopener\">Bowlingusektsiooni juhatuse ametlik teadaanne: otsus\u00a0seoses IBF-i ja EBF-i uretaanpallide regulatsiooniga<\/a> 05.03.2026<br \/><p class=\"p1\"><strong>USBC ametlik nimekiri mittek\u00f5lblikest bowlingupallidest on k\u00e4ttesaadav <a href=\"https:\/\/bowl.com\/getmedia\/1442da8b-9ab0-43cd-861e-97addf69bef6\/USBC_National-Tournament-Ineligible-Ball-List-Only-78D-Slow-Oil-Allowed_final.pdf\" target=\"_blank\" rel=\"noopener\">SIIN<\/a><\/strong><\/p><\/li><li><a href=\"https:\/\/evml.ee\/bowling_uus\/wp-content\/uploads\/2025\/08\/EVML-uldkoosoleku-protokoll_20250825_koos.pdf\" target=\"_blank\" rel=\"noopener\">EVML \u00fcldkoosolek 25.08.2025<\/a>, Tallinn, Peterburi tee 38\/3<\/li><li><a href=\"https:\/\/evml.ee\/bowling_uus\/wp-content\/uploads\/2025\/08\/Juhatuse_koosolek_20250724.pdf\" target=\"_blank\" rel=\"noopener\">Bowlingusektsiooni juhatuse koosolek 24.07.2025<\/a>, online<\/li><li><a href=\"https:\/\/evml.ee\/bowling_uus\/wp-content\/uploads\/2025\/08\/Juhatuse_koosolek_20241210.pdf\" target=\"_blank\" rel=\"noopener\">Bowlingusektsiooni juhatuse koosolek 10.12.2024<\/a>, Akadeemia Bowling<\/li><li><a href=\"https:\/\/evml.ee\/bowling_uus\/wp-content\/uploads\/2025\/08\/EVML_yldkoosoleku_protokoll_20240829.pdf\" target=\"_blank\" rel=\"noopener\">EVML \u00fcldkoosolek 29.08.2024<\/a>, Tallinn, Akadeemia tee 30, (Akadeemia bowlingusaal)<\/li><li><a title=\"Protokollid\" href=\"https:\/\/evml.ee\/bowling_uus\/wp-content\/uploads\/protokollid\/Juhatuse_koosolek_20240725.pdf\" target=\"_blank\" rel=\"noopener\">Bowlingusektsiooni juhatuse koosolek 25.07.2024<\/a>, Tallinn AMB Bowling<\/li><li><a title=\"Protokollid\" href=\"https:\/\/evml.ee\/bowling_uus\/wp-content\/uploads\/protokollid\/Juhatuse_koosolek_20240229.pdf\" target=\"_blank\" rel=\"noopener\">Bowlingusektsiooni juhatuse koosolek 29.02.2024<\/a>, Tallinn AMB Bowling<\/li><li><a title=\"Protokollid\" href=\"https:\/\/evml.ee\/bowling_uus\/wp-content\/uploads\/protokollid\/Juhatuse_koosolek_20240108.pdf\" target=\"_blank\" rel=\"noopener\">Bowlingusektsiooni juhatuse koosolek 08.01.2024<\/a>, Tallinn AMB Bowling<\/li><li><a title=\"Protokollid\" href=\"https:\/\/evml.ee\/bowling_uus\/wp-content\/uploads\/protokollid\/Juhatuse_koosolek_20231114.pdf\" target=\"_blank\" rel=\"noopener\">Bowlingusektsiooni juhatuse koosolek 14.11.2023<\/a>, Tallinn AMB Bowling<\/li><li><a title=\"Protokollid\" href=\"https:\/\/evml.ee\/bowling_uus\/wp-content\/uploads\/protokollid\/Juhatuse_koosolek_20231003.pdf\" target=\"_blank\" rel=\"noopener\">Bowlingusektsiooni juhatuse koosolek 03.10.2023<\/a>, Tallinn AMB Bowling<\/li><li><a title=\"Protokollid\" href=\"https:\/\/evml.ee\/bowling_uus\/wp-content\/uploads\/protokollid\/Juhatuse_koosolek_20230906.pdf\" target=\"_blank\" rel=\"noopener\">Bowlingusektsiooni juhatuse koosolek 06.09.2023<\/a>, Tallinn AMB Bowling<\/li><li><a title=\"Protokollid\" href=\"https:\/\/evml.ee\/bowling_uus\/wp-content\/uploads\/protokollid\/YK_30082023_protokoll.pdf\" target=\"_blank\" rel=\"noopener\">EVML \u00fcldkoosolek 30.08.2023<\/a>, Tallinn AMB Bowling<\/li><li><a title=\"Protokollid\" href=\"https:\/\/evml.ee\/bowling_uus\/wp-content\/uploads\/protokollid\/PROTEST-RakvereOpen2023.pdf\" target=\"_blank\" rel=\"noopener\">juhatuse otsus seoses Rakvere Open 2023 kohta laekunud protestile<br \/><\/a><\/li><li><a title=\"Protokollid\" href=\"https:\/\/evml.ee\/bowling_uus\/wp-content\/uploads\/protokollid\/Dokumendid\/PROTEST2.pdf\" target=\"_blank\" rel=\"noopener\">juhatuse otsus seoses EMV 2023 kohta laekunud protestile<\/a><\/li><li><a title=\"Protokollid\" href=\"https:\/\/evml.ee\/bowling_uus\/wp-content\/uploads\/protokollid\/YK_310822_protokoll.pdf\" target=\"_blank\" rel=\"noopener\">EVML \u00fcldkoosolek 31.08.2022<\/a>, Tallinn AMB Akadeemia bowling<\/li><li><a title=\"Protokollid\" href=\"https:\/\/evml.ee\/bowling_uus\/wp-content\/uploads\/protokollid\/Juhatuse__koosolek_09sept2020.pdf\" target=\"_blank\" rel=\"noopener\">Bowlingusektsiooni juhatuse koosolek 09.09.2020<\/a>, Tallinn AMB Akadeemia bowling<\/li><li><a title=\"Protokollid\" href=\"https:\/\/evml.ee\/bowling_uus\/wp-content\/uploads\/protokollid\/YK_02092020_protokoll.pdf\" target=\"_blank\" rel=\"noopener\">EVML \u00fcldkoosolek 02.09.2020<\/a>, Tallinn AMB Akadeemia bowling<\/li><li><a title=\"Protokollid\" href=\"https:\/\/evml.ee\/bowling_uus\/wp-content\/uploads\/protokollid\/YK120918_protokoll.pdf\" target=\"_blank\" rel=\"noopener\">EVML \u00fcldkoosolek 12.09.2018<\/a>, Tallinn Al Mare Bowling<\/li><li><a title=\"Protokollid\" href=\"https:\/\/evml.ee\/bowling_uus\/wp-content\/uploads\/protokollid\/EVML_Juhatuse_koosolek_27-08-2018.pdf\" target=\"_blank\" rel=\"noopener\">bowlingusektsiooni juhatuse koosolek 27.08.2018<\/a>, P\u00e4rnu Perona<\/li><li><a title=\"Protokollid\" href=\"https:\/\/evml.ee\/bowling_uus\/wp-content\/uploads\/protokollid\/EVML-Juhatuse-koosolek-20-sept-2017.pdf\" target=\"_blank\" rel=\"noopener\">juhatuse koosolek 20.09.2017 a<\/a>, P\u00e4rnu Perona<\/li><li><a title=\"Protokollid\" href=\"https:\/\/evml.ee\/bowling_uus\/wp-content\/uploads\/protokollid\/kogu20161014.pdf\" target=\"_blank\" rel=\"noopener\">juhatuse koosolek 14.10.2016.a.<\/a> P\u00e4rnu Perona<\/li><li><a title=\"Protokollid\" href=\"https:\/\/evml.ee\/bowling_uus\/wp-content\/uploads\/protokollid\/kogu20160412.pdf\" target=\"_blank\" rel=\"noopener\">juhatuse koosolek 12.04.2016.a.<\/a> P\u00e4rnu Perona<\/li><li><a title=\"Protokollid\" href=\"https:\/\/evml.ee\/bowling_uus\/wp-content\/uploads\/protokollid\/kogu20160121.pdf\" target=\"_blank\" rel=\"noopener\">juhatuse koosolek 21.01.2016.a.<\/a> P\u00e4rnu Perona<\/li><li><a title=\"Protokollid\" href=\"https:\/\/evml.ee\/bowling_uus\/wp-content\/uploads\/protokollid\/kogu20150915.pdf\" target=\"_blank\" rel=\"noopener\">juhatuse otsus 15.09.2015.a.<\/a> Bowlingclub BomBey EVML liikmeks<\/li><li><a title=\"Protokollid\" href=\"https:\/\/evml.ee\/bowling_uus\/wp-content\/uploads\/protokollid\/ymarlaud20150915.pdf\" target=\"_blank\" rel=\"noopener\">EVML bowlingusektsiooni \u00fcmarlaud 21.01.2016.a.<\/a> T\u00fcri Veskisilla<\/li><li><a title=\"Protokollid\" href=\"https:\/\/evml.ee\/bowling_uus\/wp-content\/uploads\/protokollid\/kogu20150817.pdf\" target=\"_blank\" rel=\"noopener\">juhatuse koosolek 15.08.2015.a.<\/a> T\u00fcri Veskisilla<\/li><li><a title=\"Protokollid\" href=\"https:\/\/evml.ee\/bowling_uus\/wp-content\/uploads\/protokollid\/kogu20140915.pdf\" target=\"_blank\" rel=\"noopener\">juhatuse otsus 15.09.2014.a.<\/a> Eesti meistriv\u0131istluste toimumisaeg<\/li><li><a title=\"Protokollid\" href=\"https:\/\/evml.ee\/bowling_uus\/wp-content\/uploads\/protokollid\/kogu20140911.pdf\" target=\"_blank\" rel=\"noopener\">juhatuse koosolek 11.09.2014.a.<\/a> T\u00fcri Veskisilla Bowling<\/li><li><a title=\"Protokollid\" href=\"https:\/\/evml.ee\/bowling_uus\/wp-content\/uploads\/protokollid\/kogu20131230.pdf\" target=\"_blank\" rel=\"noopener\">juhatuse koosolek 30.12.2013.a.<\/a> kaugt\u00f6\u00f6<\/li><li><a title=\"Protokollid\" href=\"https:\/\/evml.ee\/bowling_uus\/wp-content\/uploads\/protokollid\/kogu20111116.pdf\" target=\"_blank\" rel=\"noopener\">juhatuse koosolek 16.11.2011.a.<\/a> Paide G\u00fcmnaasium<\/li><li><a title=\"Protokollid\" href=\"https:\/\/evml.ee\/bowling_uus\/wp-content\/uploads\/protokollid\/kogu20100202.pdf\" target=\"_blank\" rel=\"noopener\">juhatuse koosolek 02.02.2010.a.<\/a> Tallinn Al Mare Bowling<\/li><li><a title=\"Protokollid\" href=\"https:\/\/evml.ee\/bowling_uus\/wp-content\/uploads\/protokollid\/kogu20090911.pdf\" target=\"_blank\" rel=\"noopener\">juhatuse koosolek 11.09.2009.a.<\/a> Haapsalu Vanalinna Bowling<\/li><li><a title=\"Protokollid\" href=\"https:\/\/evml.ee\/bowling_uus\/wp-content\/uploads\/protokollid\/kogu20090827.pdf\" target=\"_blank\" rel=\"noopener\">juhatuse koosolek 27.08.2009.a.<\/a> internet<\/li><li><a title=\"Protokollid\" href=\"https:\/\/evml.ee\/bowling_uus\/wp-content\/uploads\/protokollid\/kogu20090330.pdf\" target=\"_blank\" rel=\"noopener\">juhatuse koosolek 30.03.2009.a.<\/a> Skype<\/li><li><a title=\"Protokollid\" href=\"https:\/\/evml.ee\/bowling_uus\/wp-content\/uploads\/protokollid\/kogu20081107.pdf\" target=\"_blank\" rel=\"noopener\">juhatuse koosolek 07.11.2008.a.<\/a> Tallinn Al Mare<\/li><li><a title=\"Protokollid\" href=\"https:\/\/evml.ee\/bowling_uus\/wp-content\/uploads\/protokollid\/kogu20080708.pdf\" target=\"_blank\" rel=\"noopener\">juhatuse koosolek 08.07.2008.a.<\/a> P\u00e4rnu, Perona<\/li><li><a title=\"Protokollid\" href=\"https:\/\/evml.ee\/bowling_uus\/wp-content\/uploads\/protokollid\/puudub.pdf\" target=\"_blank\" rel=\"noopener\">juhatuse koosolek 25.01.2008.a. <\/a> P\u00e4rnu, Perona<\/li><li><a title=\"Protokollid\" href=\"https:\/\/evml.ee\/bowling_uus\/wp-content\/uploads\/protokollid\/puudub.pdf\" target=\"_blank\" rel=\"noopener\">juhatuse virtuaal-koosolek 12.09.2007.a. <\/a> internet<\/li><li><a title=\"Protokollid\" href=\"https:\/\/evml.ee\/bowling_uus\/wp-content\/uploads\/protokollid\/puudub.pdf\" target=\"_blank\" rel=\"noopener\">juhatuse koosolek 22.07.2007.a.<\/a> Tallinn, Al Mare<\/li><li><a title=\"Protokollid\" href=\"https:\/\/evml.ee\/bowling_uus\/wp-content\/uploads\/protokollid\/puudub.pdf\" target=\"_blank\" rel=\"noopener\">juhatuse koosolek 22.03.2007.a.<\/a> Tallinn, WMData<\/li><li><a title=\"Protokollid\" href=\"https:\/\/evml.ee\/bowling_uus\/wp-content\/uploads\/protokollid\/puudub.pdf\" target=\"_blank\" rel=\"noopener\">juhatuse virtuaal-koosolek 08.03.2007.a.<\/a> internet<\/li><li><a title=\"Protokollid\" href=\"https:\/\/evml.ee\/bowling_uus\/wp-content\/uploads\/protokollid\/puudub.pdf\" target=\"_blank\" rel=\"noopener\">juhatuse koosolek 07.02.2007.a.<\/a> Viljandi, FS Bowling<\/li><li><a title=\"Protokollid\" href=\"https:\/\/evml.ee\/bowling_uus\/wp-content\/uploads\/protokollid\/puudub.pdf\" target=\"_blank\" rel=\"noopener\">juhatuse koosolek 25.01.2007.a.<\/a> P\u00e4rnu, Perona<\/li><li><a title=\"Protokollid\" href=\"https:\/\/evml.ee\/bowling_uus\/wp-content\/uploads\/protokollid\/puudub.pdf\" target=\"_blank\" rel=\"noopener\">juhatuse koosolek 26.10.2006.a.<\/a> Tallinn, Al Mare<\/li><li><a title=\"Protokollid\" href=\"https:\/\/evml.ee\/bowling_uus\/wp-content\/uploads\/protokollid\/puudub.pdf\" target=\"_blank\" rel=\"noopener\">juhatuse koosolek 06.10.2006.a.<\/a> P\u00e4rnu, Perona<\/li><li><a title=\"Protokollid\" href=\"https:\/\/evml.ee\/bowling_uus\/wp-content\/uploads\/protokollid\/puudub.pdf\" target=\"_blank\" rel=\"noopener\">juhatuse koosolek 22.09.2006.a.<\/a> Tallinn, Al Mare<\/li><li><a title=\"Protokollid\" href=\"https:\/\/evml.ee\/bowling_uus\/wp-content\/uploads\/protokollid\/puudub.pdf\" target=\"_blank\" rel=\"noopener\">juhatuse koosolek 06.09.2006.a.<\/a> P\u00e4rnu, Perona<\/li><li><a title=\"Protokollid\" href=\"https:\/\/evml.ee\/bowling_uus\/wp-content\/uploads\/protokollid\/kogu20051207.pdf\" target=\"_blank\" rel=\"noopener\">juhatuse koosolek 07.12.2005.a.<\/a> internet<\/li><\/ul><p>&#8230;<\/p><ul class=\"\"><li><a title=\"Protokollid\" href=\"https:\/\/evml.ee\/bowling_uus\/wp-content\/uploads\/protokollid\/kogu20040828.htm\" target=\"_blank\" rel=\"noopener\">EBL \u00fcldkogu 28.08.2004.a.<\/a> Tallinn, Zelluloos<\/li><li><a title=\"Protokollid\" href=\"https:\/\/evml.ee\/bowling_uus\/wp-content\/uploads\/protokollid\/kogu20030822.htm\" target=\"_blank\" rel=\"noopener\">EBL \u00fcldkogu 22.08.2003.a.<\/a> P\u00e4rnu, Perona<\/li><li><a title=\"Protokollid\" href=\"https:\/\/evml.ee\/bowling_uus\/wp-content\/uploads\/protokollid\/kogu20030405.htm\" target=\"_blank\" rel=\"noopener\">EBL \u00fcldkogu 05.04.2003.a.<\/a> Tallinn, Kuulsaal.<\/li><li><a title=\"Protokollid\" href=\"https:\/\/evml.ee\/bowling_uus\/wp-content\/uploads\/protokollid\/kogu20021109.htm\" target=\"_blank\" rel=\"noopener\">EBL \u00fcldkogu 09.11.2002.a.<\/a> P\u00e4rnu, Perona.<\/li><\/ul>\t\t\t\t\t\t\t\t<\/div>\n\t\t\t\t<\/div>\n\t\t\t\t\t<\/div>\n\t\t\t\t<\/div>\n\t\t\t\t<\/div>\n\t\t","protected":false},"excerpt":{"rendered":"<p>EVML bowlingusektsiooni juhatuse otsused: Bowlingusektsiooni juhatuse ametlik teadaanne: otsus\u00a0seoses IBF-i ja EBF-i uretaanpallide regulatsiooniga 05.03.2026 USBC ametlik nimekiri mittek\u00f5lblikest bowlingupallidest on k\u00e4ttesaadav SIIN EVML \u00fcldkoosolek 25.08.2025, Tallinn, Peterburi tee 38\/3 [&hellip;]<\/p>\n","protected":false},"author":2,"featured_media":0,"parent":11,"menu_order":3,"comment_status":"closed","ping_status":"closed","template":"","meta":{"_acf_changed":false,"_monsterinsights_skip_tracking":false,"_monsterinsights_sitenote_active":false,"_monsterinsights_sitenote_note":"","_monsterinsights_sitenote_category":0,"footnotes":""},"class_list":["post-91","page","type-page","status-publish","hentry"],"acf":[],"aioseo_notices":[],"_links":{"self":[{"href":"https:\/\/evml.ee\/bowling_uus\/wp-json\/wp\/v2\/pages\/91","targetHints":{"allow":["GET"]}}],"collection":[{"href":"https:\/\/evml.ee\/bowling_uus\/wp-json\/wp\/v2\/pages"}],"about":[{"href":"https:\/\/evml.ee\/bowling_uus\/wp-json\/wp\/v2\/types\/page"}],"author":[{"embeddable":true,"href":"https:\/\/evml.ee\/bowling_uus\/wp-json\/wp\/v2\/users\/2"}],"replies":[{"embeddable":true,"href":"https:\/\/evml.ee\/bowling_uus\/wp-json\/wp\/v2\/comments?post=91"}],"version-history":[{"count":25,"href":"https:\/\/evml.ee\/bowling_uus\/wp-json\/wp\/v2\/pages\/91\/revisions"}],"predecessor-version":[{"id":2259,"href":"https:\/\/evml.ee\/bowling_uus\/wp-json\/wp\/v2\/pages\/91\/revisions\/2259"}],"up":[{"embeddable":true,"href":"https:\/\/evml.ee\/bowling_uus\/wp-json\/wp\/v2\/pages\/11"}],"wp:attachment":[{"href":"https:\/\/evml.ee\/bowling_uus\/wp-json\/wp\/v2\/media?parent=91"}],"curies":[{"name":"wp","href":"https:\/\/api.w.org\/{rel}","templated":true}]}}