{"id":75,"date":"2024-08-17T17:49:22","date_gmt":"2024-08-17T17:49:22","guid":{"rendered":"https:\/\/evml.ee\/bowling_uus\/?page_id=75"},"modified":"2024-12-19T08:16:28","modified_gmt":"2024-12-19T08:16:28","slug":"voistlusmaarused","status":"publish","type":"page","link":"https:\/\/evml.ee\/bowling_uus\/juhendid-vormid\/voistlusmaarused\/","title":{"rendered":"V\u00f5istlusm\u00e4\u00e4rused"},"content":{"rendered":"\t\t<div data-elementor-type=\"wp-page\" data-elementor-id=\"75\" class=\"elementor elementor-75\" data-elementor-post-type=\"page\">\n\t\t\t\t<div class=\"elementor-element elementor-element-7d03fd6e e-flex e-con-boxed e-con e-parent\" data-id=\"7d03fd6e\" data-element_type=\"container\" data-e-type=\"container\">\n\t\t\t\t\t<div class=\"e-con-inner\">\n\t\t\t\t<div class=\"elementor-element elementor-element-30a2d0ea elementor-widget elementor-widget-text-editor\" data-id=\"30a2d0ea\" data-element_type=\"widget\" data-e-type=\"widget\" data-widget_type=\"text-editor.default\">\n\t\t\t\t<div class=\"elementor-widget-container\">\n\t\t\t\t\t\t\t\t\t<p>Kehtiva v\u00f5islusm\u00e4\u00e4ruse saad avada siit: <a title=\"V\u00f5istlusm\u00e4\u00e4rused\" href=\"https:\/\/evml.ee\/bowling_uus\/wp-content\/uploads\/2024\/12\/EVML_voistlusmaarused_20241216-1.pdf\" target=\"_blank\" rel=\"noopener\">EVML V\u00f5istlusm\u00e4\u00e4rused<\/a><\/p><p>\u00a0<\/p>\t\t\t\t\t\t\t\t<\/div>\n\t\t\t\t<\/div>\n\t\t\t\t\t<\/div>\n\t\t\t\t<\/div>\n\t\t\t\t<\/div>\n\t\t","protected":false},"excerpt":{"rendered":"<p>Kehtiva v\u00f5islusm\u00e4\u00e4ruse saad avada siit: EVML V\u00f5istlusm\u00e4\u00e4rused \u00a0<\/p>\n","protected":false},"author":2,"featured_media":0,"parent":51,"menu_order":1,"comment_status":"closed","ping_status":"closed","template":"","meta":{"_acf_changed":false,"_monsterinsights_skip_tracking":false,"_monsterinsights_sitenote_active":false,"_monsterinsights_sitenote_note":"","_monsterinsights_sitenote_category":0,"footnotes":""},"class_list":["post-75","page","type-page","status-publish","hentry"],"acf":[],"aioseo_notices":[],"_links":{"self":[{"href":"https:\/\/evml.ee\/bowling_uus\/wp-json\/wp\/v2\/pages\/75","targetHints":{"allow":["GET"]}}],"collection":[{"href":"https:\/\/evml.ee\/bowling_uus\/wp-json\/wp\/v2\/pages"}],"about":[{"href":"https:\/\/evml.ee\/bowling_uus\/wp-json\/wp\/v2\/types\/page"}],"author":[{"embeddable":true,"href":"https:\/\/evml.ee\/bowling_uus\/wp-json\/wp\/v2\/users\/2"}],"replies":[{"embeddable":true,"href":"https:\/\/evml.ee\/bowling_uus\/wp-json\/wp\/v2\/comments?post=75"}],"version-history":[{"count":10,"href":"https:\/\/evml.ee\/bowling_uus\/wp-json\/wp\/v2\/pages\/75\/revisions"}],"predecessor-version":[{"id":2190,"href":"https:\/\/evml.ee\/bowling_uus\/wp-json\/wp\/v2\/pages\/75\/revisions\/2190"}],"up":[{"embeddable":true,"href":"https:\/\/evml.ee\/bowling_uus\/wp-json\/wp\/v2\/pages\/51"}],"wp:attachment":[{"href":"https:\/\/evml.ee\/bowling_uus\/wp-json\/wp\/v2\/media?parent=75"}],"curies":[{"name":"wp","href":"https:\/\/api.w.org\/{rel}","templated":true}]}}