{"id":742,"date":"2024-09-04T07:05:26","date_gmt":"2024-09-04T07:05:26","guid":{"rendered":"https:\/\/evml.ee\/bowling_uus\/?page_id=742"},"modified":"2026-04-21T18:42:27","modified_gmt":"2026-04-21T18:42:27","slug":"uudised-2","status":"publish","type":"page","link":"https:\/\/evml.ee\/bowling_uus\/uudised-2\/","title":{"rendered":"Uudised"},"content":{"rendered":"\t\t<div data-elementor-type=\"wp-page\" data-elementor-id=\"742\" class=\"elementor elementor-742\" data-elementor-post-type=\"page\">\n\t\t\t\t<div class=\"elementor-element elementor-element-a02d684 e-grid e-con-boxed e-con e-parent\" data-id=\"a02d684\" data-element_type=\"container\" data-e-type=\"container\">\n\t\t\t\t\t<div class=\"e-con-inner\">\n\t\t\t\t<div class=\"elementor-element elementor-element-44688b9 elementor-widget elementor-widget-image\" data-id=\"44688b9\" data-element_type=\"widget\" data-e-type=\"widget\" data-widget_type=\"image.default\">\n\t\t\t\t<div class=\"elementor-widget-container\">\n\t\t\t\t\t\t\t\t\t\t\t\t\t\t\t<img fetchpriority=\"high\" decoding=\"async\" width=\"800\" height=\"450\" src=\"https:\/\/evml.ee\/bowling_uus\/wp-content\/uploads\/2025\/08\/EMV-2026-1024x576.jpg\" class=\"attachment-large size-large wp-image-1769\" alt=\"\" srcset=\"https:\/\/evml.ee\/bowling_uus\/wp-content\/uploads\/2025\/08\/EMV-2026-1024x576.jpg 1024w, https:\/\/evml.ee\/bowling_uus\/wp-content\/uploads\/2025\/08\/EMV-2026-300x169.jpg 300w, https:\/\/evml.ee\/bowling_uus\/wp-content\/uploads\/2025\/08\/EMV-2026-768x432.jpg 768w, https:\/\/evml.ee\/bowling_uus\/wp-content\/uploads\/2025\/08\/EMV-2026-1536x864.jpg 1536w, https:\/\/evml.ee\/bowling_uus\/wp-content\/uploads\/2025\/08\/EMV-2026.jpg 1920w\" sizes=\"(max-width: 800px) 100vw, 800px\" \/>\t\t\t\t\t\t\t\t\t\t\t\t\t\t\t<\/div>\n\t\t\t\t<\/div>\n\t\t\t\t<div class=\"elementor-element elementor-element-074932c elementor-widget elementor-widget-text-editor\" data-id=\"074932c\" data-element_type=\"widget\" data-e-type=\"widget\" data-widget_type=\"text-editor.default\">\n\t\t\t\t<div class=\"elementor-widget-container\">\n\t\t\t\t\t\t\t\t\t<h4 style=\"text-align: center;\">EESTI MV bowlingus<\/h4><p>Seekordsed EMV bowlingus toimuvad Elamus Bowling &amp; Pubis, Tallinnas, akadeemia tee 30.\u00a0 01.-10.05.2026<\/p><p><a href=\"https:\/\/emv.evml.ee\/\" target=\"_blank\" rel=\"noopener\">Eesti MV koduleht<\/a><\/p><p><a href=\"https:\/\/emv.evml.ee\/reglement-2025\/\" target=\"_blank\" rel=\"noopener\">Reglement<\/a><\/p><p><a href=\"https:\/\/emv.evml.ee\/uritused\/\" target=\"_blank\" rel=\"noopener\">Registreerimine<\/a><\/p><p><a href=\"https:\/\/emv.evml.ee\/wp-content\/uploads\/2026\/04\/Eesti-MV_26.pdf\" target=\"_blank\" rel=\"noopener\">\u00d5liskeem<\/a><\/p><p>\u00a0<\/p>\t\t\t\t\t\t\t\t<\/div>\n\t\t\t\t<\/div>\n\t\t\t\t\t<\/div>\n\t\t\t\t<\/div>\n\t\t<div class=\"elementor-element elementor-element-1be7f80 e-grid e-con-boxed e-con e-parent\" data-id=\"1be7f80\" data-element_type=\"container\" data-e-type=\"container\">\n\t\t\t\t\t<div class=\"e-con-inner\">\n\t\t\t\t\t<\/div>\n\t\t\t\t<\/div>\n\t\t<div class=\"elementor-element elementor-element-54a8bbb e-grid e-con-boxed e-con e-parent\" data-id=\"54a8bbb\" data-element_type=\"container\" data-e-type=\"container\">\n\t\t\t\t\t<div class=\"e-con-inner\">\n\t\t\t\t\t<\/div>\n\t\t\t\t<\/div>\n\t\t<div class=\"elementor-element elementor-element-8fb9dcc e-flex e-con-boxed e-con e-parent\" data-id=\"8fb9dcc\" data-element_type=\"container\" data-e-type=\"container\">\n\t\t\t\t\t<div class=\"e-con-inner\">\n\t\t\t\t<div class=\"elementor-element elementor-element-d92d761 elementor-widget elementor-widget-gallery\" data-id=\"d92d761\" data-element_type=\"widget\" data-e-type=\"widget\" data-settings=\"{&quot;gallery_layout&quot;:&quot;justified&quot;,&quot;ideal_row_height&quot;:{&quot;unit&quot;:&quot;px&quot;,&quot;size&quot;:265,&quot;sizes&quot;:[]},&quot;gap&quot;:{&quot;unit&quot;:&quot;px&quot;,&quot;size&quot;:3,&quot;sizes&quot;:[]},&quot;lazyload&quot;:&quot;yes&quot;,&quot;ideal_row_height_tablet&quot;:{&quot;unit&quot;:&quot;px&quot;,&quot;size&quot;:150,&quot;sizes&quot;:[]},&quot;ideal_row_height_mobile&quot;:{&quot;unit&quot;:&quot;px&quot;,&quot;size&quot;:150,&quot;sizes&quot;:[]},&quot;gap_tablet&quot;:{&quot;unit&quot;:&quot;px&quot;,&quot;size&quot;:10,&quot;sizes&quot;:[]},&quot;gap_mobile&quot;:{&quot;unit&quot;:&quot;px&quot;,&quot;size&quot;:10,&quot;sizes&quot;:[]},&quot;link_to&quot;:&quot;file&quot;,&quot;overlay_background&quot;:&quot;yes&quot;,&quot;content_hover_animation&quot;:&quot;fade-in&quot;}\" data-widget_type=\"gallery.default\">\n\t\t\t\t<div class=\"elementor-widget-container\">\n\t\t\t\t\t\t\t<div class=\"elementor-gallery__container\">\n\t\t\t\t\t\t\t<a class=\"e-gallery-item elementor-gallery-item elementor-animated-content\" href=\"https:\/\/evml.ee\/bowling_uus\/wp-content\/uploads\/2026\/02\/Tallinna-meistrid-1.jpg\" data-elementor-open-lightbox=\"yes\" data-elementor-lightbox-slideshow=\"d92d761\" data-elementor-lightbox-title=\"Tallinna meistrid\" data-e-action-hash=\"#elementor-action%3Aaction%3Dlightbox%26settings%3DeyJpZCI6MjE1OSwidXJsIjoiaHR0cHM6XC9cL2V2bWwuZWVcL2Jvd2xpbmdfdXVzXC93cC1jb250ZW50XC91cGxvYWRzXC8yMDI2XC8wMlwvVGFsbGlubmEtbWVpc3RyaWQtMS5qcGciLCJzbGlkZXNob3ciOiJkOTJkNzYxIn0%3D\">\n\t\t\t\t\t<div class=\"e-gallery-image elementor-gallery-item__image\" data-thumbnail=\"https:\/\/evml.ee\/bowling_uus\/wp-content\/uploads\/2026\/02\/Tallinna-meistrid-1-300x227.jpg\" data-width=\"300\" data-height=\"227\" aria-label=\"\" role=\"img\" ><\/div>\n\t\t\t\t\t\t\t\t\t\t\t<div class=\"elementor-gallery-item__overlay\"><\/div>\n\t\t\t\t\t\t\t\t\t\t\t\t\t\t<\/a>\n\t\t\t\t\t\t\t<a class=\"e-gallery-item elementor-gallery-item elementor-animated-content\" href=\"https:\/\/evml.ee\/bowling_uus\/wp-content\/uploads\/2026\/02\/uld-naiste-top-3-1.jpg\" data-elementor-open-lightbox=\"yes\" data-elementor-lightbox-slideshow=\"d92d761\" data-elementor-lightbox-title=\"u\u0308ld naiste top 3\" data-e-action-hash=\"#elementor-action%3Aaction%3Dlightbox%26settings%3DeyJpZCI6MjE2MiwidXJsIjoiaHR0cHM6XC9cL2V2bWwuZWVcL2Jvd2xpbmdfdXVzXC93cC1jb250ZW50XC91cGxvYWRzXC8yMDI2XC8wMlwvdWxkLW5haXN0ZS10b3AtMy0xLmpwZyIsInNsaWRlc2hvdyI6ImQ5MmQ3NjEifQ%3D%3D\">\n\t\t\t\t\t<div class=\"e-gallery-image elementor-gallery-item__image\" data-thumbnail=\"https:\/\/evml.ee\/bowling_uus\/wp-content\/uploads\/2026\/02\/uld-naiste-top-3-1-300x295.jpg\" data-width=\"300\" data-height=\"295\" aria-label=\"\" role=\"img\" ><\/div>\n\t\t\t\t\t\t\t\t\t\t\t<div class=\"elementor-gallery-item__overlay\"><\/div>\n\t\t\t\t\t\t\t\t\t\t\t\t\t\t<\/a>\n\t\t\t\t\t\t\t<a class=\"e-gallery-item elementor-gallery-item elementor-animated-content\" href=\"https:\/\/evml.ee\/bowling_uus\/wp-content\/uploads\/2026\/02\/uld-meeste-top-3-1.jpg\" data-elementor-open-lightbox=\"yes\" data-elementor-lightbox-slideshow=\"d92d761\" data-elementor-lightbox-title=\"u\u0308ld meeste top 3\" data-e-action-hash=\"#elementor-action%3Aaction%3Dlightbox%26settings%3DeyJpZCI6MjE1OCwidXJsIjoiaHR0cHM6XC9cL2V2bWwuZWVcL2Jvd2xpbmdfdXVzXC93cC1jb250ZW50XC91cGxvYWRzXC8yMDI2XC8wMlwvdWxkLW1lZXN0ZS10b3AtMy0xLmpwZyIsInNsaWRlc2hvdyI6ImQ5MmQ3NjEifQ%3D%3D\">\n\t\t\t\t\t<div class=\"e-gallery-image elementor-gallery-item__image\" data-thumbnail=\"https:\/\/evml.ee\/bowling_uus\/wp-content\/uploads\/2026\/02\/uld-meeste-top-3-1-300x225.jpg\" data-width=\"300\" data-height=\"225\" aria-label=\"\" role=\"img\" ><\/div>\n\t\t\t\t\t\t\t\t\t\t\t<div class=\"elementor-gallery-item__overlay\"><\/div>\n\t\t\t\t\t\t\t\t\t\t\t\t\t\t<\/a>\n\t\t\t\t\t\t\t<a class=\"e-gallery-item elementor-gallery-item elementor-animated-content\" href=\"https:\/\/evml.ee\/bowling_uus\/wp-content\/uploads\/2026\/02\/naiste-voitja.jpg\" data-elementor-open-lightbox=\"yes\" data-elementor-lightbox-slideshow=\"d92d761\" data-elementor-lightbox-title=\"naiste vo\u0303itja\" data-e-action-hash=\"#elementor-action%3Aaction%3Dlightbox%26settings%3DeyJpZCI6MjE1NSwidXJsIjoiaHR0cHM6XC9cL2V2bWwuZWVcL2Jvd2xpbmdfdXVzXC93cC1jb250ZW50XC91cGxvYWRzXC8yMDI2XC8wMlwvbmFpc3RlLXZvaXRqYS5qcGciLCJzbGlkZXNob3ciOiJkOTJkNzYxIn0%3D\">\n\t\t\t\t\t<div class=\"e-gallery-image elementor-gallery-item__image\" data-thumbnail=\"https:\/\/evml.ee\/bowling_uus\/wp-content\/uploads\/2026\/02\/naiste-voitja-270x300.jpg\" data-width=\"270\" data-height=\"300\" aria-label=\"\" role=\"img\" ><\/div>\n\t\t\t\t\t\t\t\t\t\t\t<div class=\"elementor-gallery-item__overlay\"><\/div>\n\t\t\t\t\t\t\t\t\t\t\t\t\t\t<\/a>\n\t\t\t\t\t\t\t<a class=\"e-gallery-item elementor-gallery-item elementor-animated-content\" href=\"https:\/\/evml.ee\/bowling_uus\/wp-content\/uploads\/2026\/02\/Naiste-teine.jpg\" data-elementor-open-lightbox=\"yes\" data-elementor-lightbox-slideshow=\"d92d761\" data-elementor-lightbox-title=\"Naiste teine\" data-e-action-hash=\"#elementor-action%3Aaction%3Dlightbox%26settings%3DeyJpZCI6MjE2MywidXJsIjoiaHR0cHM6XC9cL2V2bWwuZWVcL2Jvd2xpbmdfdXVzXC93cC1jb250ZW50XC91cGxvYWRzXC8yMDI2XC8wMlwvTmFpc3RlLXRlaW5lLmpwZyIsInNsaWRlc2hvdyI6ImQ5MmQ3NjEifQ%3D%3D\">\n\t\t\t\t\t<div class=\"e-gallery-image elementor-gallery-item__image\" data-thumbnail=\"https:\/\/evml.ee\/bowling_uus\/wp-content\/uploads\/2026\/02\/Naiste-teine-207x300.jpg\" data-width=\"207\" data-height=\"300\" aria-label=\"\" role=\"img\" ><\/div>\n\t\t\t\t\t\t\t\t\t\t\t<div class=\"elementor-gallery-item__overlay\"><\/div>\n\t\t\t\t\t\t\t\t\t\t\t\t\t\t<\/a>\n\t\t\t\t\t\t\t<a class=\"e-gallery-item elementor-gallery-item elementor-animated-content\" href=\"https:\/\/evml.ee\/bowling_uus\/wp-content\/uploads\/2026\/02\/Naiste-kolmas.jpg\" data-elementor-open-lightbox=\"yes\" data-elementor-lightbox-slideshow=\"d92d761\" data-elementor-lightbox-title=\"Naiste kolmas\" data-e-action-hash=\"#elementor-action%3Aaction%3Dlightbox%26settings%3DeyJpZCI6MjE1NywidXJsIjoiaHR0cHM6XC9cL2V2bWwuZWVcL2Jvd2xpbmdfdXVzXC93cC1jb250ZW50XC91cGxvYWRzXC8yMDI2XC8wMlwvTmFpc3RlLWtvbG1hcy5qcGciLCJzbGlkZXNob3ciOiJkOTJkNzYxIn0%3D\">\n\t\t\t\t\t<div class=\"e-gallery-image elementor-gallery-item__image\" data-thumbnail=\"https:\/\/evml.ee\/bowling_uus\/wp-content\/uploads\/2026\/02\/Naiste-kolmas-234x300.jpg\" data-width=\"234\" data-height=\"300\" aria-label=\"\" role=\"img\" ><\/div>\n\t\t\t\t\t\t\t\t\t\t\t<div class=\"elementor-gallery-item__overlay\"><\/div>\n\t\t\t\t\t\t\t\t\t\t\t\t\t\t<\/a>\n\t\t\t\t\t\t\t<a class=\"e-gallery-item elementor-gallery-item elementor-animated-content\" href=\"https:\/\/evml.ee\/bowling_uus\/wp-content\/uploads\/2026\/02\/meeste-esimene.jpg\" data-elementor-open-lightbox=\"yes\" data-elementor-lightbox-slideshow=\"d92d761\" data-elementor-lightbox-title=\"meeste esimene\" data-e-action-hash=\"#elementor-action%3Aaction%3Dlightbox%26settings%3DeyJpZCI6MjE2MCwidXJsIjoiaHR0cHM6XC9cL2V2bWwuZWVcL2Jvd2xpbmdfdXVzXC93cC1jb250ZW50XC91cGxvYWRzXC8yMDI2XC8wMlwvbWVlc3RlLWVzaW1lbmUuanBnIiwic2xpZGVzaG93IjoiZDkyZDc2MSJ9\">\n\t\t\t\t\t<div class=\"e-gallery-image elementor-gallery-item__image\" data-thumbnail=\"https:\/\/evml.ee\/bowling_uus\/wp-content\/uploads\/2026\/02\/meeste-esimene-242x300.jpg\" data-width=\"242\" data-height=\"300\" aria-label=\"\" role=\"img\" ><\/div>\n\t\t\t\t\t\t\t\t\t\t\t<div class=\"elementor-gallery-item__overlay\"><\/div>\n\t\t\t\t\t\t\t\t\t\t\t\t\t\t<\/a>\n\t\t\t\t\t\t\t<a class=\"e-gallery-item elementor-gallery-item elementor-animated-content\" href=\"https:\/\/evml.ee\/bowling_uus\/wp-content\/uploads\/2026\/02\/meeste-teine.jpg\" data-elementor-open-lightbox=\"yes\" data-elementor-lightbox-slideshow=\"d92d761\" data-elementor-lightbox-title=\"meeste teine\" data-e-action-hash=\"#elementor-action%3Aaction%3Dlightbox%26settings%3DeyJpZCI6MjE1NiwidXJsIjoiaHR0cHM6XC9cL2V2bWwuZWVcL2Jvd2xpbmdfdXVzXC93cC1jb250ZW50XC91cGxvYWRzXC8yMDI2XC8wMlwvbWVlc3RlLXRlaW5lLmpwZyIsInNsaWRlc2hvdyI6ImQ5MmQ3NjEifQ%3D%3D\">\n\t\t\t\t\t<div class=\"e-gallery-image elementor-gallery-item__image\" data-thumbnail=\"https:\/\/evml.ee\/bowling_uus\/wp-content\/uploads\/2026\/02\/meeste-teine-230x300.jpg\" data-width=\"230\" data-height=\"300\" aria-label=\"\" role=\"img\" ><\/div>\n\t\t\t\t\t\t\t\t\t\t\t<div class=\"elementor-gallery-item__overlay\"><\/div>\n\t\t\t\t\t\t\t\t\t\t\t\t\t\t<\/a>\n\t\t\t\t\t\t\t<a class=\"e-gallery-item elementor-gallery-item elementor-animated-content\" href=\"https:\/\/evml.ee\/bowling_uus\/wp-content\/uploads\/2026\/02\/meeste-kolmas.jpg\" data-elementor-open-lightbox=\"yes\" data-elementor-lightbox-slideshow=\"d92d761\" data-elementor-lightbox-title=\"meeste kolmas\" data-e-action-hash=\"#elementor-action%3Aaction%3Dlightbox%26settings%3DeyJpZCI6MjE2MSwidXJsIjoiaHR0cHM6XC9cL2V2bWwuZWVcL2Jvd2xpbmdfdXVzXC93cC1jb250ZW50XC91cGxvYWRzXC8yMDI2XC8wMlwvbWVlc3RlLWtvbG1hcy5qcGciLCJzbGlkZXNob3ciOiJkOTJkNzYxIn0%3D\">\n\t\t\t\t\t<div class=\"e-gallery-image elementor-gallery-item__image\" data-thumbnail=\"https:\/\/evml.ee\/bowling_uus\/wp-content\/uploads\/2026\/02\/meeste-kolmas-223x300.jpg\" data-width=\"223\" data-height=\"300\" aria-label=\"\" role=\"img\" ><\/div>\n\t\t\t\t\t\t\t\t\t\t\t<div class=\"elementor-gallery-item__overlay\"><\/div>\n\t\t\t\t\t\t\t\t\t\t\t\t\t\t<\/a>\n\t\t\t\t\t<\/div>\n\t\t\t\t\t<\/div>\n\t\t\t\t<\/div>\n\t\t\t\t\t<\/div>\n\t\t\t\t<\/div>\n\t\t<div class=\"elementor-element elementor-element-04a433b e-flex e-con-boxed e-con e-parent\" data-id=\"04a433b\" data-element_type=\"container\" data-e-type=\"container\">\n\t\t\t\t\t<div class=\"e-con-inner\">\n\t\t\t\t<div class=\"elementor-element elementor-element-cbb7c7a elementor-widget elementor-widget-text-editor\" data-id=\"cbb7c7a\" data-element_type=\"widget\" data-e-type=\"widget\" data-widget_type=\"text-editor.default\">\n\t\t\t\t<div class=\"elementor-widget-container\">\n\t\t\t\t\t\t\t\t\t<h2 class=\"p1\" style=\"text-align: center;\"><b>Tallinna Meistriv\u00f5istlused 2026 <\/b><\/h2><h2 class=\"p1\" style=\"text-align: center;\"><b>Tugevad tulemused, pingeline Round-Robin ja v\u00e4\u00e4rikad meistrid<\/b><\/h2><p class=\"p2\">12.\u201322. veebruaril 2026 toimusid Tallinnas <a href=\"https:\/\/elamusbowling.ee\/\"><span class=\"s1\"><b>Elamuste Bowling &amp; Pub\u2019is<\/b><\/span><\/a> Tallinna Meistriv\u00f5istlused 2026, mille korraldajaks oli bowlinguklubi <b>Baltic Bowling<\/b>. V\u00f5istlus pakkus k\u00fcmne p\u00e4eva jooksul nii muljetavaldavaid tippsooritusi, tihedat heitlust edasip\u00e4\u00e4su nimel kui ka eriti p\u00f5nevat l\u00f5ppvaatust shot-out finaalis.<\/p><p class=\"p3\"><b>Eelvoorud: rekordiline meestetulemus ja naiste kindel liider<\/b><\/p><p class=\"p2\">Meeste eelvoorude parima tulemuse tegi <b>Robin Miklas (Perona Bowling)<\/b>, kes viskas kuue sarja summaks muljet avaldava <b>1524 punkti<\/b> (keskmine <b>254,00<\/b>) \u2013 see on \u00fchtlasi ka tema <b>uus isiklik rekord<\/b>.<\/p><p class=\"p2\">Meeste arvestuses p\u00e4\u00e4ses eelvoorudest edasi <b>16 m\u00e4ngijat<\/b> ning edasip\u00e4\u00e4su piiriks kujunes <b>1178 punkti<\/b> ehk <b>196,33 keskmist<\/b>.<\/p><p class=\"p2\">Naiste eelvoorudes v\u00f5ttis esikoha \u00fclekaaluka eduga <b>Kaisa-Ly Lee (Baltic Bowling)<\/b>, olles eelvoorudes \u00fchtlasi <b>ainus naine \u00fcle 200 keskmisega<\/b> \u2013 <b>1201 punkti<\/b> (keskmine <b>200,16<\/b>). Naiste eelvoorust p\u00e4\u00e4ses edasi <b>8 m\u00e4ngijat<\/b>, edasip\u00e4\u00e4su piiriks oli <b>1046 punkti<\/b> ehk <b>174,33 keskmist<\/b>. <br \/><a href=\"https:\/\/balticbowling.eu\/yritused\/tallinna-mv-2026\/koond.htm\"><span class=\"s1\">balticbowling.eu<\/span><\/a><\/p><p class=\"p3\"><b>Vahevoor<\/b><\/p><p class=\"p2\">22. veebruari hommikul m\u00e4ngitud meeste vahevoorus (4 sarja; eelvooru punkte kaasa ei v\u00f5etud) n\u00e4itas parimat m\u00e4ngu <b>Vallo Lees (Forselius Bowling)<\/b>, kogudes <b>891 punkti<\/b> (keskmine 222,75). Vahevoorust p\u00e4\u00e4ses edasi <b>8 meest<\/b> ning edasip\u00e4\u00e4semiseks oli vaja visata v\u00e4hemalt <b>205,75 keskmist<\/b>.<br \/><a href=\"https:\/\/balticbowling.eu\/yritused\/tallinna-mv-2026\/vahevoor.htm\"><span class=\"s1\">balticbowling.eu<\/span><\/a><\/p><p class=\"p3\"><b>Round-Robin: \u201cv\u00f5itude v\u00e4\u00e4rtus\u201d m\u00e4ngis otsustavat rolli<\/b><\/p><p class=\"p2\">Poolfinaalis m\u00e4ngiti <b>7-sarjaline Round-Robin<\/b> boonustega (v\u00f5idu eest 30 punkti, viigi eest 15), mis t\u00f5i eriti h\u00e4sti esile stabiilsuse ja oskuse v\u00f5tta \u201cv\u00f5idupunkte\u201d ka siis, kui k\u00f5ik sarjad ei ole maksimumis.<\/p><p class=\"p2\">Meeste Round-Robinis kujunes edasip\u00e4\u00e4s shot-out finaali erakordselt napiks. Kuigi <b>Kert Isakar (Baltic Bowling)<\/b> viskas Round-Robinis <b>k\u00f5rgema keskmise<\/b> kui <b>Robin Miklas<\/b>, osutus m\u00e4\u00e4ravaks <b>v\u00f5itude arv<\/b>: viimasena finaali nelja hulka p\u00e4\u00e4ses <b>Robin Miklas<\/b>, sest tal oli <b>\u00fcks v\u00f5it rohkem<\/b> ning see kallutas edasip\u00e4\u00e4su vaid 10 punktiga tema kasuks.<br \/><a href=\"https:\/\/balticbowling.eu\/yritused\/tallinna-mv-2026\/robinmehed.htm\"><span class=\"s1\">balticbowling.eu<\/span><\/a><\/p><p>Ka naiste Round-Robin oli pingeline ning edasip\u00e4\u00e4sejad selgusid viimase sarjaga.<br \/><a href=\"https:\/\/balticbowling.eu\/yritused\/tallinna-mv-2026\/robinnaisedd.htm\"><span class=\"s1\">balticbowling.eu<\/span><\/a><\/p><p class=\"p2\">Round-Robini j\u00e4rel olid finaali nelikus:<br \/><b>Naised (TOP 4):<\/b> Triin Kiis, Kaisa-Ly Lee, Aire Saarm, Annika Reinula <br \/><b>Mehed (TOP 4):<\/b> Kristofer Saarm, Siim Henrik Saar, Vallo Lees, Robin Miklas<\/p><p class=\"p3\"><b>Finaal: shot-out formaadis kolm sarja ja p\u00e4rast iga sarja \u00fcks langeb<\/b><\/p><p class=\"p2\">Finaalis m\u00e4ngiti <b>kolm sarja shot-out formaadis<\/b>, kus <b>iga sarja j\u00e4rel langes v\u00e4lja<\/b> n\u00f5rgima tulemuse teinud m\u00e4ngija \u2013 formaat, mis ei j\u00e4ta ruumi eksimusteks ja premeerib n\u00e4rvikindlust. Seda t\u00f5estas v\u00e4ga h\u00e4sti just meeste finaali esimene m\u00e4ng kus k\u00f5ik neli meest tegid v\u00e4ga head \u00fcle 200 m\u00e4ngud, kuid esimeseks v\u00e4lja langejaks osutus Vallo Lees, kes j\u00e4i Roibin Miklasele alla k\u00f5igest kahe punktiga.<br \/>Naiste esimesel sarjal oli seis veelgi tasav\u00e4gisem, sest edasip\u00e4\u00e4su ja v\u00e4lja langemise vaheks j\u00e4i k\u00f5igest 1 punkt. Seejuures oli Annika Reinula (Rakvere Bowling) see kes tegi viimase viske ning oleks strike puhul viigistanud seisu Kaisa-Ly Leega\u2026 paraku viimane vise 9 ja sellega 1 punkt v\u00e4hem ning tasuks siiski kena 4. koht.<br \/><a href=\"https:\/\/balticbowling.eu\/yritused\/tallinna-mv-2026\/Finaal.htm\"><span class=\"s1\">balticbowling.eu<\/span><\/a><\/p><h3 class=\"p1\"><b>\u00dcldarvestuse v\u00f5itjad <\/b><\/h3><p class=\"p2\"><b>MEHED<\/b><b><\/b><\/p><ol class=\"ol1\"><li class=\"li2\"><b>Robin Miklas<\/b> (Perona Bowling)<\/li><li class=\"li2\"><b>Kristofer Saarm<\/b><b><\/b><\/li><li class=\"li2\"><b>Siim Henrik Saar<\/b><b><\/b><\/li><\/ol><p class=\"p2\"><b><br \/>NAISED<\/b><b><\/b><\/p><ol class=\"ol1\"><li class=\"li2\"><b>Aire Saarm<\/b><b><\/b><\/li><li class=\"li2\"><b>Kaisa-Ly Lee<\/b><b><\/b><\/li><li class=\"li2\"><b>Triin Kiis<\/b><b><\/b><\/li><\/ol><h3 class=\"p1\"><b>Klasside esikolmikud<\/b><\/h3><p class=\"p2\"><b>JUUNIOR poisid<\/b><b><\/b><\/p><ol class=\"ol1\"><li class=\"li2\">Robin Miklas<\/li><li class=\"li2\">Kert Isakar<\/li><li class=\"li2\">Kermo Porovardja<\/li><\/ol><p class=\"p2\"><b><br \/>JUUNIOR t\u00fcdrukud<\/b><b><\/b><\/p><ol class=\"ol1\"><li class=\"li2\">Kaisa-Ly Lee<\/li><li class=\"li2\">Laura Porovardja<\/li><li class=\"li2\">Elise Marii Saar<\/li><\/ol><p class=\"p2\"><b><br \/>Seenior MEHED<\/b><b><\/b><\/p><ol class=\"ol1\"><li class=\"li2\">Marek Tammsoo<\/li><li class=\"li2\">Arvo Viiderfeld<\/li><li class=\"li2\">Toomas Talviste<\/li><\/ol><p class=\"p2\"><b><br \/>Seenior NAISED<\/b><b><\/b><\/p><ol class=\"ol1\"><li class=\"li2\">Annika Reinula<\/li><li class=\"li2\">Eha Neito<\/li><li class=\"li2\">Jane Iivonen<\/li><\/ol><p class=\"p2\"><b><br \/>Veteran MEHED<\/b><b><\/b><\/p><ol class=\"ol1\"><li class=\"li2\">Arvo Viiderfeld<\/li><li class=\"li2\">Aare Noormaa<\/li><li class=\"li2\">V\u00e4ino Tomingas<\/li><\/ol><p class=\"p2\"><b><br \/>Veteran NAISED<\/b><b><\/b><\/p><ol class=\"ol1\"><li class=\"li2\">Riina Veiram<\/li><li class=\"li2\">Natali Lorup<\/li><\/ol><p><strong><br \/>B-klass MEHED<\/strong><\/p><ol><li>Harri Ruttas<\/li><li>Rene L\u00f5iveke<\/li><li>Arvo Viiderfeld<\/li><\/ol><p><strong><br \/>B-klass NAISED<\/strong><\/p><ol><li>Annika Reinula<\/li><li>Kristiina Rozenthal<\/li><li>Eha Neito<\/li><\/ol><p><strong><br \/>C-klass MEHED<\/strong><\/p><ol><li>August Rozenthal<\/li><li>Toomas Vellem\u00e4e<\/li><li>Raul Koppel<\/li><\/ol><h3 class=\"p1\"><b>Tallinna meistrid 2026<\/b><\/h3><p class=\"p2\">Kuna tegu on Tallinna Meistriv\u00f5istlustega, selgitati eraldi arvestuses v\u00e4lja ka <b>Tallinna meistrid<\/b>. Selles arvestuses said osaleda <b>Tallinna bowlinguklubide liikmed<\/b> v\u00f5i klubisse mitte kuulumise korral <b>Tallinna alalised elanikud<\/b>.<\/p><p>Tallinna Meistriteks tulid:<\/p><p class=\"p2\"><b>MEHED<\/b> \u2013 <b>Kert Isakar<\/b><br \/><b>NAISED<\/b> \u2013 <b>Kaisa-Ly Lee<\/b><br \/><b>Juunior POISID<\/b> \u2013 <b>Kert Isakar<\/b><br \/><b>Juunior T\u00dcDRUKUD<\/b> \u2013 <b>Kaisa-Ly Lee<\/b><br \/><b>Seenior MEHED<\/b> \u2013 <b>Marek Tammsoo<\/b><br \/><b>Seenior NAISED<\/b> \u2013 <b>Jane Iivonen<\/b><br \/><b>Veteran MEHED<\/b> \u2013 <b>Arvo Viiderfeld<\/b><br \/><b>Veteran NAISED<\/b> \u2013 <b>Natali Lorup<\/b><b><\/b><\/p><h3 class=\"p1\"><b>V\u00f5istluse statistikat<\/b><\/h3><ul class=\"ul1\"><li class=\"li2\">Kokku osales v\u00f5istlusel <b>86 m\u00e4ngijat<\/b> (<b>62 meest<\/b>, <b>24 naist<\/b>).<\/li><li class=\"li2\">Eesti seitsmest bowlinguklubist olid esindatud <b>6 klubi<\/b>:<br \/><ul class=\"ul1\"><li class=\"li2\"><b>Baltic Bowling \u2013 43 osalejat<\/b><b><\/b><\/li><li class=\"li2\"><b>Forselius Bowling \u2013 14<\/b><b><\/b><\/li><li class=\"li2\"><b>Hobbybowling \u2013 1<\/b><b><\/b><\/li><li class=\"li2\"><b>Perona Bowling \u2013 7<\/b><b><\/b><\/li><li class=\"li2\"><b>Rakvere Bowling \u2013 15<\/b><b><\/b><\/li><li class=\"li2\"><b>RBC \u2013 4<\/b><b><\/b><\/li><li class=\"li2\"><b>Ilma klubita \u2013 2<\/b><b><\/b><\/li><\/ul><\/li><li class=\"li2\">Kui arvestada <b>k\u00f5iki kirja l\u00e4inud tulemusi<\/b> (\u00fcmberm\u00e4ngimise v\u00f5imalusega), oli m\u00e4ngijate <b>kogukeskmine 177,68<\/b> punkti.<\/li><li class=\"li2\">Kui arvestada <b>k\u00f5iki v\u00f5istlusel visatud sarju<\/b>, oli sarjade keskmine <b>178,8<\/b> punkti.<\/li><\/ul><h3 class=\"p1\"><b>T\u00e4nud<\/b><\/h3><p class=\"p2\">Suur t\u00e4nu k\u00f5ikidele osalejatele, kaasaelajatele ja Elamuste Bowling &amp; Pub\u2019i tiimile. Eraldi t\u00e4nu korraldajale <b>Baltic Bowling<\/b> ja v\u00f5istkonnale, kes aitas kaasa sellele, et v\u00f5istlus kulges sujuvalt ning pingelised hetked said lahendatud sportlikult ja korrektselt.<\/p><p class=\"p2\">K\u00f5ikide voorude detailtulemused on leitavad Baltic Bowlingu kodulehel <a href=\"http:\/\/www.balticbowling.eu\"><span class=\"s1\">www.balticbowling.eu<\/span><\/a><\/p><p class=\"p2\">Gabriel Veide<br \/>Tallinna MV 2026 peakohtunik<\/p>\t\t\t\t\t\t\t\t<\/div>\n\t\t\t\t<\/div>\n\t\t\t\t\t<\/div>\n\t\t\t\t<\/div>\n\t\t\t\t<\/div>\n\t\t","protected":false},"excerpt":{"rendered":"<p>EESTI MV bowlingus Seekordsed EMV bowlingus toimuvad Elamus Bowling &amp; Pubis, Tallinnas, akadeemia tee 30.\u00a0 01.-10.05.2026 Eesti MV koduleht Reglement Registreerimine \u00d5liskeem \u00a0 Tallinna Meistriv\u00f5istlused 2026 Tugevad tulemused, pingeline Round-Robin [&hellip;]<\/p>\n","protected":false},"author":3,"featured_media":0,"parent":0,"menu_order":0,"comment_status":"closed","ping_status":"closed","template":"","meta":{"_acf_changed":false,"_monsterinsights_skip_tracking":false,"_monsterinsights_sitenote_active":false,"_monsterinsights_sitenote_note":"","_monsterinsights_sitenote_category":0,"footnotes":""},"class_list":["post-742","page","type-page","status-publish","hentry"],"acf":[],"aioseo_notices":[],"_links":{"self":[{"href":"https:\/\/evml.ee\/bowling_uus\/wp-json\/wp\/v2\/pages\/742","targetHints":{"allow":["GET"]}}],"collection":[{"href":"https:\/\/evml.ee\/bowling_uus\/wp-json\/wp\/v2\/pages"}],"about":[{"href":"https:\/\/evml.ee\/bowling_uus\/wp-json\/wp\/v2\/types\/page"}],"author":[{"embeddable":true,"href":"https:\/\/evml.ee\/bowling_uus\/wp-json\/wp\/v2\/users\/3"}],"replies":[{"embeddable":true,"href":"https:\/\/evml.ee\/bowling_uus\/wp-json\/wp\/v2\/comments?post=742"}],"version-history":[{"count":144,"href":"https:\/\/evml.ee\/bowling_uus\/wp-json\/wp\/v2\/pages\/742\/revisions"}],"predecessor-version":[{"id":2335,"href":"https:\/\/evml.ee\/bowling_uus\/wp-json\/wp\/v2\/pages\/742\/revisions\/2335"}],"wp:attachment":[{"href":"https:\/\/evml.ee\/bowling_uus\/wp-json\/wp\/v2\/media?parent=742"}],"curies":[{"name":"wp","href":"https:\/\/api.w.org\/{rel}","templated":true}]}}