{"id":2336,"date":"2026-04-21T20:14:43","date_gmt":"2026-04-21T20:14:43","guid":{"rendered":"https:\/\/evml.ee\/bowling_uus\/?page_id=2336"},"modified":"2026-04-21T20:16:48","modified_gmt":"2026-04-21T20:16:48","slug":"reiting-top-naised","status":"publish","type":"page","link":"https:\/\/evml.ee\/bowling_uus\/reiting-top-naised\/","title":{"rendered":"Reitingu v\u00f5itude TOP &#8211; naised"},"content":{"rendered":"\t\t<div data-elementor-type=\"wp-page\" data-elementor-id=\"2336\" class=\"elementor elementor-2336\" data-elementor-post-type=\"page\">\n\t\t\t\t<div class=\"elementor-element elementor-element-72e58a4 e-flex e-con-boxed e-con e-parent\" data-id=\"72e58a4\" data-element_type=\"container\" data-e-type=\"container\">\n\t\t\t\t\t<div class=\"e-con-inner\">\n\t\t\t\t<div class=\"elementor-element elementor-element-142dc61 elementor-widget elementor-widget-text-editor\" data-id=\"142dc61\" data-element_type=\"widget\" data-e-type=\"widget\" data-widget_type=\"text-editor.default\">\n\t\t\t\t<div class=\"elementor-widget-container\">\n\t\t\t\t\t\t\t\t\t<p>EVML reitinguv\u00f5istlustel saavutatud naiste reitinguarvestuse esikohad.<\/p><table><colgroup> <col span=\"\" \/> <col \/> <col span=\"\" \/> <\/colgroup><thead><tr><th>Koht<\/th><th class=\"\">Nimi<\/th><th><div>Kokku<\/div><\/th><th><div>2025<br \/>2026<\/div><\/th><th><div>2024<br \/>2025<\/div><\/th><th><div>2023<br \/>2024<\/div><\/th><th>2022<br \/>2023<\/th><th>2021<br \/>2022<\/th><th>2020<br \/>2021<\/th><th>2019<br \/>2020<\/th><th>2018<br \/>2019<\/th><th>2017<br \/>2018<\/th><th>2016 <br \/>2017<\/th><th>2015 <br \/>2016<\/th><th>2014 <br \/>2015<\/th><th>2013 <br \/>2014<\/th><th>2012 <br \/>2013<\/th><th>2011 <br \/>2012<\/th><th>2010 <br \/>2011<\/th><th>2009 <br \/>2010<\/th><th>2008 <br \/>2009<\/th><th>2007 <br \/>2008<\/th><th>2006 <br \/>2007<\/th><th>2005 <br \/>2006<\/th><th>2004 <br \/>2005<\/th><th>2003\u00a0<br \/>2004<\/th><th>2002\u00a0<br \/>2003<\/th><th>2001 <br \/>2002<\/th><\/tr><\/thead><tbody><tr><td class=\"\">1.<\/td><td class=\"\">Inara Ratnik<\/td><td class=\"\"><b>27<\/b><\/td><td>&#8211;<\/td><td>&#8211;<\/td><td>&#8211;<\/td><td>&#8211;<\/td><td>&#8211;<\/td><td>&#8211;<\/td><td>&#8211;<\/td><td>&#8211;<\/td><td>&#8211;<\/td><td>1<\/td><td>3<\/td><td>3<\/td><td>1<\/td><td>4<\/td><td>5<\/td><td>3<\/td><td>3<\/td><td>&#8211;<\/td><td>4<\/td><td>&#8211;<\/td><td>&#8211;<\/td><td>&#8211;<\/td><td>&#8211;<\/td><td>&#8211;<\/td><\/tr><tr><td class=\"\">2.<\/td><td class=\"\">Raili Vaarpuu<\/td><td class=\"\"><b>23<\/b><\/td><td>&#8211;<\/td><td>&#8211;<\/td><td>&#8211;<\/td><td>1<\/td><td>&#8211;<\/td><td>2<\/td><td>3<\/td><td>5<\/td><td>3<\/td><td>4<\/td><td>4<\/td><td>&#8211;<\/td><td>1<\/td><td>&#8211;<\/td><td>&#8211;<\/td><td>&#8211;<\/td><td>&#8211;<\/td><td>&#8211;<\/td><td>&#8211;<\/td><td>&#8211;<\/td><td>&#8211;<\/td><td>&#8211;<\/td><td>&#8211;<\/td><td>&#8211;<\/td><td>&#8211;<\/td><\/tr><tr><td class=\"\">3.<\/td><td class=\"\">Piia Pearce<\/td><td class=\"\"><b>16<\/b><\/td><td>&#8211;<\/td><td>&#8211;<\/td><td>&#8211;<\/td><td>&#8211;<\/td><td>&#8211;<\/td><td>&#8211;<\/td><td>&#8211;<\/td><td>&#8211;<\/td><td>&#8211;<\/td><td>&#8211;<\/td><td>&#8211;<\/td><td>1<\/td><td>&#8211;<\/td><td>&#8211;<\/td><td>&#8211;<\/td><td>&#8211;<\/td><td>&#8211;<\/td><td>&#8211;<\/td><td>&#8211;<\/td><td>&#8211;<\/td><td>2<\/td><td>3<\/td><td>1<\/td><td>3<\/td><td>6<\/td><\/tr><tr><td class=\"\">4.<\/td><td class=\"\">Jelena Bugrova<\/td><td class=\"\"><b>14<\/b><\/td><td>&#8211;<\/td><td>&#8211;<\/td><td>&#8211;<\/td><td>&#8211;<\/td><td>&#8211;<\/td><td>&#8211;<\/td><td>&#8211;<\/td><td>&#8211;<\/td><td>&#8211;<\/td><td>&#8211;<\/td><td>&#8211;<\/td><td>&#8211;<\/td><td>&#8211;<\/td><td>&#8211;<\/td><td>1<\/td><td>2<\/td><td>1<\/td><td>1<\/td><td>&#8211;<\/td><td>1<\/td><td>2<\/td><td>3<\/td><td>1<\/td><td>1<\/td><td>1<\/td><\/tr><tr><td class=\"\">5.<\/td><td class=\"\">\u00dclle Kangur<\/td><td class=\"\"><b>11<\/b><\/td><td>&#8211;<\/td><td>&#8211;<\/td><td>&#8211;<\/td><td>&#8211;<\/td><td>&#8211;<\/td><td>&#8211;<\/td><td>&#8211;<\/td><td>&#8211;<\/td><td>&#8211;<\/td><td>&#8211;<\/td><td>&#8211;<\/td><td>&#8211;<\/td><td>&#8211;<\/td><td>1<\/td><td>&#8211;<\/td><td>&#8211;<\/td><td>&#8211;<\/td><td>1<\/td><td>2<\/td><td>1<\/td><td>1<\/td><td>&#8211;<\/td><td>4<\/td><td>&#8211;<\/td><td>1<\/td><\/tr><tr><td class=\"\">6.-7.<\/td><td class=\"\">Terje Roosi<\/td><td class=\"\"><b>10<\/b><\/td><td>&#8211;<\/td><td>&#8211;<\/td><td>&#8211;<\/td><td>&#8211;<\/td><td>&#8211;<\/td><td>&#8211;<\/td><td>&#8211;<\/td><td>&#8211;<\/td><td>&#8211;<\/td><td>&#8211;<\/td><td>1<\/td><td>2<\/td><td>2<\/td><td>2<\/td><td>3<\/td><td>&#8211;<\/td><td>&#8211;<\/td><td>&#8211;<\/td><td>&#8211;<\/td><td>&#8211;<\/td><td>&#8211;<\/td><td>&#8211;<\/td><td>&#8211;<\/td><td>&#8211;<\/td><td>&#8211;<\/td><\/tr><tr><td class=\"\">6.-7.<\/td><td class=\"\">Sigrid Reiman<\/td><td class=\"\"><b>10<\/b><\/td><td>&#8211;<\/td><td>&#8211;<\/td><td>&#8211;<\/td><td>1<\/td><td>&#8211;<\/td><td>&#8211;<\/td><td>&#8211;<\/td><td>&#8211;<\/td><td>&#8211;<\/td><td>&#8211;<\/td><td>&#8211;<\/td><td>&#8211;<\/td><td>&#8211;<\/td><td>&#8211;<\/td><td>&#8211;<\/td><td>&#8211;<\/td><td>&#8211;<\/td><td>&#8211;<\/td><td>&#8211;<\/td><td>&#8211;<\/td><td>&#8211;<\/td><td>&#8211;<\/td><td>&#8211;<\/td><td>5<\/td><td>4<\/td><\/tr><tr><td class=\"\">8.-9.<\/td><td class=\"\">Katrin V\u00e4stra<\/td><td class=\"\"><b>9<\/b><\/td><td>&#8211;<\/td><td>&#8211;<\/td><td>&#8211;<\/td><td>&#8211;<\/td><td>&#8211;<\/td><td>&#8211;<\/td><td>&#8211;<\/td><td>&#8211;<\/td><td>&#8211;<\/td><td>&#8211;<\/td><td>&#8211;<\/td><td>&#8211;<\/td><td>&#8211;<\/td><td>&#8211;<\/td><td>&#8211;<\/td><td>&#8211;<\/td><td>&#8211;<\/td><td>&#8211;<\/td><td>&#8211;<\/td><td>1<\/td><td>3<\/td><td>1<\/td><td>2<\/td><td>2<\/td><td>&#8211;<\/td><\/tr><tr><td class=\"\">8.-9.<\/td><td class=\"\">Aire Saarm<\/td><td class=\"\"><b>9<\/b><\/td><td>1<\/td><td>1<\/td><td>2<\/td><td>3<\/td><td>2<\/td><td>&#8211;<\/td><td>&#8211;<\/td><td>&#8211;<\/td><td>&#8211;<\/td><td>&#8211;<\/td><td>&#8211;<\/td><td>&#8211;<\/td><td>&#8211;<\/td><td>&#8211;<\/td><td>&#8211;<\/td><td>&#8211;<\/td><td>&#8211;<\/td><td>&#8211;<\/td><td>&#8211;<\/td><td>&#8211;<\/td><td>&#8211;<\/td><td>&#8211;<\/td><td>&#8211;<\/td><td>&#8211;<\/td><td>&#8211;<\/td><\/tr><tr><td class=\"\">10.-11.<\/td><td class=\"\">Kairika Kask<\/td><td class=\"\"><b>8<\/b><\/td><td>&#8211;<\/td><td>&#8211;<\/td><td>&#8211;<\/td><td>&#8211;<\/td><td>&#8211;<\/td><td>&#8211;<\/td><td>&#8211;<\/td><td>2<\/td><td>1<\/td><td>1<\/td><td>&#8211;<\/td><td>&#8211;<\/td><td>&#8211;<\/td><td>&#8211;<\/td><td>&#8211;<\/td><td>&#8211;<\/td><td>&#8211;<\/td><td>&#8211;<\/td><td>&#8211;<\/td><td>3<\/td><td>&#8211;<\/td><td>1<\/td><td>&#8211;<\/td><td>&#8211;<\/td><td>&#8211;<\/td><\/tr><tr><td class=\"\">10.-11.<\/td><td class=\"\">Riina L\u00f5hmus<\/td><td class=\"\"><b>8<\/b><\/td><td>&#8211;<\/td><td>&#8211;<\/td><td>&#8211;<\/td><td>&#8211;<\/td><td>1<\/td><td>&#8211;<\/td><td>&#8211;<\/td><td>&#8211;<\/td><td>&#8211;<\/td><td>&#8211;<\/td><td>2<\/td><td>&#8211;<\/td><td>&#8211;<\/td><td>&#8211;<\/td><td>&#8211;<\/td><td>1<\/td><td>1<\/td><td>3<\/td><td>&#8211;<\/td><td>&#8211;<\/td><td>&#8211;<\/td><td>&#8211;<\/td><td>&#8211;<\/td><td>&#8211;<\/td><td>&#8211;<\/td><\/tr><tr><td class=\"\">12.-14.<\/td><td class=\"\">Marika Lutter<\/td><td class=\"\"><b>7<\/b><\/td><td>&#8211;<\/td><td>&#8211;<\/td><td>&#8211;<\/td><td>&#8211;<\/td><td>&#8211;<\/td><td>&#8211;<\/td><td>&#8211;<\/td><td>&#8211;<\/td><td>&#8211;<\/td><td>&#8211;<\/td><td>&#8211;<\/td><td>&#8211;<\/td><td>&#8211;<\/td><td>&#8211;<\/td><td>&#8211;<\/td><td>1<\/td><td>&#8211;<\/td><td>&#8211;<\/td><td>&#8211;<\/td><td>&#8211;<\/td><td>&#8211;<\/td><td>1<\/td><td>&#8211;<\/td><td>4<\/td><td>1<\/td><\/tr><tr><td class=\"\">12.-14.<\/td><td class=\"\">\u00dclle Ristim\u00e4gi<\/td><td class=\"\"><b>7<\/b><\/td><td>&#8211;<\/td><td>&#8211;<\/td><td>&#8211;<\/td><td>&#8211;<\/td><td>&#8211;<\/td><td>&#8211;<\/td><td>&#8211;<\/td><td>&#8211;<\/td><td>1<\/td><td>1<\/td><td>3<\/td><td>2<\/td><td>&#8211;<\/td><td>&#8211;<\/td><td>&#8211;<\/td><td>&#8211;<\/td><td>&#8211;<\/td><td>&#8211;<\/td><td>&#8211;<\/td><td>&#8211;<\/td><td>&#8211;<\/td><td>&#8211;<\/td><td>&#8211;<\/td><td>&#8211;<\/td><td>&#8211;<\/td><\/tr><tr><td class=\"\">12.-14.<\/td><td class=\"\">Moonika Tamson<\/td><td class=\"\"><b>7<\/b><\/td><td>&#8211;<\/td><td>&#8211;<\/td><td>&#8211;<\/td><td>1<\/td><td>&#8211;<\/td><td>1<\/td><td>1<\/td><td>1<\/td><td>&#8211;<\/td><td>&#8211;<\/td><td>&#8211;<\/td><td>&#8211;<\/td><td>1<\/td><td>&#8211;<\/td><td>&#8211;<\/td><td>&#8211;<\/td><td>&#8211;<\/td><td>&#8211;<\/td><td>1<\/td><td>&#8211;<\/td><td>1<\/td><td>&#8211;<\/td><td>&#8211;<\/td><td>&#8211;<\/td><td>&#8211;<\/td><\/tr><tr><td class=\"\">15.-16.<\/td><td class=\"\">Jelena Krainik<\/td><td class=\"\"><strong>5<\/strong><\/td><td>&#8211;<\/td><td>&#8211;<\/td><td>&#8211;<\/td><td>&#8211;<\/td><td>&#8211;<\/td><td>&#8211;<\/td><td>&#8211;<\/td><td>&#8211;<\/td><td>&#8211;<\/td><td>&#8211;<\/td><td>&#8211;<\/td><td>&#8211;<\/td><td>&#8211;<\/td><td>&#8211;<\/td><td>&#8211;<\/td><td>&#8211;<\/td><td>&#8211;<\/td><td>1<\/td><td>3<\/td><td>&#8211;<\/td><td>&#8211;<\/td><td>&#8211;<\/td><td>&#8211;<\/td><td>&#8211;<\/td><td>1<\/td><\/tr><tr><td class=\"\">15.-16.<\/td><td class=\"\">Kaisa-Ly Lee<\/td><td class=\"\"><strong>5<\/strong><\/td><td>2<\/td><td>2<\/td><td>1<\/td><td>&#8211;<\/td><td>&#8211;<\/td><td>&#8211;<\/td><td>&#8211;<\/td><td>&#8211;<\/td><td>&#8211;<\/td><td>&#8211;<\/td><td>&#8211;<\/td><td>&#8211;<\/td><td>&#8211;<\/td><td>&#8211;<\/td><td>&#8211;<\/td><td>&#8211;<\/td><td>&#8211;<\/td><td>&#8211;<\/td><td>&#8211;<\/td><td>&#8211;<\/td><td>&#8211;<\/td><td>&#8211;<\/td><td>&#8211;<\/td><td>&#8211;<\/td><td>&#8211;<\/td><\/tr><tr><td class=\"\">17.-18.<\/td><td class=\"\">Triin Lekko<\/td><td class=\"\"><b>4<\/b><\/td><td>&#8211;<\/td><td>&#8211;<\/td><td>&#8211;<\/td><td>&#8211;<\/td><td>&#8211;<\/td><td>&#8211;<\/td><td>&#8211;<\/td><td>&#8211;<\/td><td>&#8211;<\/td><td>&#8211;<\/td><td>&#8211;<\/td><td>1<\/td><td>&#8211;<\/td><td>&#8211;<\/td><td>&#8211;<\/td><td>&#8211;<\/td><td>1<\/td><td>&#8211;<\/td><td>2<\/td><td>&#8211;<\/td><td>&#8211;<\/td><td>&#8211;<\/td><td>&#8211;<\/td><td>&#8211;<\/td><td>&#8211;<\/td><\/tr><tr><td class=\"\">17.-18.<\/td><td class=\"\">Maarja Alekand<\/td><td class=\"\"><b>4<\/b><\/td><td>&#8211;<\/td><td>1<\/td><td>&#8211;<\/td><td>1<\/td><td>&#8211;<\/td><td>&#8211;<\/td><td>&#8211;<\/td><td>&#8211;<\/td><td>1<\/td><td>&#8211;<\/td><td>&#8211;<\/td><td>&#8211;<\/td><td>1<\/td><td>&#8211;<\/td><td>&#8211;<\/td><td>&#8211;<\/td><td>&#8211;<\/td><td>&#8211;<\/td><td>&#8211;<\/td><td>&#8211;<\/td><td>&#8211;<\/td><td>&#8211;<\/td><td>&#8211;<\/td><td>&#8211;<\/td><td>&#8211;<\/td><\/tr><tr><td class=\"\">19.-21.<\/td><td class=\"\">Taimi Dreier<\/td><td class=\"\"><b>3<\/b><\/td><td>&#8211;<\/td><td>&#8211;<\/td><td>&#8211;<\/td><td>&#8211;<\/td><td>&#8211;<\/td><td>&#8211;<\/td><td>&#8211;<\/td><td>&#8211;<\/td><td>&#8211;<\/td><td>&#8211;<\/td><td>&#8211;<\/td><td>1<\/td><td>&#8211;<\/td><td>&#8211;<\/td><td>&#8211;<\/td><td>1<\/td><td>&#8211;<\/td><td>1<\/td><td>&#8211;<\/td><td>&#8211;<\/td><td>&#8211;<\/td><td>&#8211;<\/td><td>&#8211;<\/td><td>&#8211;<\/td><td>&#8211;<\/td><\/tr><tr><td class=\"\">19.-21.<\/td><td class=\"\">Eli Haga<\/td><td class=\"\"><b>3<\/b><\/td><td>&#8211;<\/td><td>&#8211;<\/td><td>&#8211;<\/td><td>1<\/td><td>1<\/td><td>&#8211;<\/td><td>&#8211;<\/td><td>&#8211;<\/td><td>&#8211;<\/td><td>1<\/td><td>&#8211;<\/td><td>&#8211;<\/td><td>&#8211;<\/td><td>&#8211;<\/td><td>&#8211;<\/td><td>&#8211;<\/td><td>&#8211;<\/td><td>&#8211;<\/td><td>&#8211;<\/td><td>&#8211;<\/td><td>&#8211;<\/td><td>&#8211;<\/td><td>&#8211;<\/td><td>&#8211;<\/td><td>&#8211;<\/td><\/tr><tr><td class=\"\">19.-21.<\/td><td class=\"\">Triin Kiis<\/td><td class=\"\"><strong>3<\/strong><\/td><td>&#8211;<\/td><td>&#8211;<\/td><td>3<\/td><td>&#8211;<\/td><td>&#8211;<\/td><td>&#8211;<\/td><td>&#8211;<\/td><td>&#8211;<\/td><td>&#8211;<\/td><td>&#8211;<\/td><td>&#8211;<\/td><td>&#8211;<\/td><td>&#8211;<\/td><td>&#8211;<\/td><td>&#8211;<\/td><td>&#8211;<\/td><td>&#8211;<\/td><td>&#8211;<\/td><td>&#8211;<\/td><td>&#8211;<\/td><td>&#8211;<\/td><td>&#8211;<\/td><td>&#8211;<\/td><td>&#8211;<\/td><td>&#8211;<\/td><\/tr><tr><td class=\"\">22.-25.<\/td><td class=\"\">Laine Roht<\/td><td class=\"\"><b>2<\/b><\/td><td>&#8211;<\/td><td>&#8211;<\/td><td>&#8211;<\/td><td>&#8211;<\/td><td>&#8211;<\/td><td>&#8211;<\/td><td>&#8211;<\/td><td>&#8211;<\/td><td>&#8211;<\/td><td>&#8211;<\/td><td>&#8211;<\/td><td>&#8211;<\/td><td>&#8211;<\/td><td>&#8211;<\/td><td>&#8211;<\/td><td>&#8211;<\/td><td>&#8211;<\/td><td>&#8211;<\/td><td>2<\/td><td>&#8211;<\/td><td>&#8211;<\/td><td>&#8211;<\/td><td>&#8211;<\/td><td>&#8211;<\/td><td>&#8211;<\/td><\/tr><tr><td class=\"\">22.-25.<\/td><td class=\"\">Sigrid V\u00e4stra<\/td><td class=\"\"><b>2<\/b><\/td><td>&#8211;<\/td><td>&#8211;<\/td><td>&#8211;<\/td><td>&#8211;<\/td><td>&#8211;<\/td><td>&#8211;<\/td><td>&#8211;<\/td><td>&#8211;<\/td><td>&#8211;<\/td><td>&#8211;<\/td><td>1<\/td><td>&#8211;<\/td><td>&#8211;<\/td><td>&#8211;<\/td><td>&#8211;<\/td><td>&#8211;<\/td><td>1<\/td><td>&#8211;<\/td><td>&#8211;<\/td><td>&#8211;<\/td><td>&#8211;<\/td><td>&#8211;<\/td><td>&#8211;<\/td><td>&#8211;<\/td><td>&#8211;<\/td><\/tr><tr><td class=\"\">22.-25.<\/td><td class=\"\">Reelia Voitk<\/td><td class=\"\"><b>2<\/b><\/td><td>&#8211;<\/td><td>&#8211;<\/td><td>&#8211;<\/td><td>&#8211;<\/td><td>&#8211;<\/td><td>&#8211;<\/td><td>&#8211;<\/td><td>&#8211;<\/td><td>1<\/td><td>&#8211;<\/td><td>&#8211;<\/td><td>1<\/td><td>&#8211;<\/td><td>&#8211;<\/td><td>&#8211;<\/td><td>&#8211;<\/td><td>&#8211;<\/td><td>&#8211;<\/td><td>&#8211;<\/td><td>&#8211;<\/td><td>&#8211;<\/td><td>&#8211;<\/td><td>&#8211;<\/td><td>&#8211;<\/td><td>&#8211;<\/td><\/tr><tr><td class=\"\">22.-25.<\/td><td class=\"\">Eha Neito<\/td><td class=\"\"><b>2<\/b><\/td><td>1<\/td><td>&#8211;<\/td><td>&#8211;<\/td><td>&#8211;<\/td><td>&#8211;<\/td><td>&#8211;<\/td><td>&#8211;<\/td><td>&#8211;<\/td><td>&#8211;<\/td><td>&#8211;<\/td><td>&#8211;<\/td><td>&#8211;<\/td><td>&#8211;<\/td><td>&#8211;<\/td><td>&#8211;<\/td><td>&#8211;<\/td><td>&#8211;<\/td><td>&#8211;<\/td><td>&#8211;<\/td><td>&#8211;<\/td><td>&#8211;<\/td><td>1<\/td><td>&#8211;<\/td><td>&#8211;<\/td><td>&#8211;<\/td><\/tr><tr><td class=\"\">26.-34.<\/td><td class=\"\">Kristiina Neiver<\/td><td class=\"\"><b>1<\/b><\/td><td>&#8211;<\/td><td>&#8211;<\/td><td>&#8211;<\/td><td>&#8211;<\/td><td>&#8211;<\/td><td>&#8211;<\/td><td>&#8211;<\/td><td>&#8211;<\/td><td>&#8211;<\/td><td>&#8211;<\/td><td>&#8211;<\/td><td>&#8211;<\/td><td>&#8211;<\/td><td>&#8211;<\/td><td>&#8211;<\/td><td>&#8211;<\/td><td>&#8211;<\/td><td>&#8211;<\/td><td>&#8211;<\/td><td>&#8211;<\/td><td>&#8211;<\/td><td>&#8211;<\/td><td>&#8211;<\/td><td>&#8211;<\/td><td>1<\/td><\/tr><tr><td class=\"\">26.-34.<\/td><td class=\"\">Annely L\u00f5hmus<\/td><td class=\"\"><b>1<\/b><\/td><td>&#8211;<\/td><td>&#8211;<\/td><td>&#8211;<\/td><td>&#8211;<\/td><td>&#8211;<\/td><td>&#8211;<\/td><td>&#8211;<\/td><td>&#8211;<\/td><td>&#8211;<\/td><td>&#8211;<\/td><td>&#8211;<\/td><td>&#8211;<\/td><td>&#8211;<\/td><td>&#8211;<\/td><td>&#8211;<\/td><td>&#8211;<\/td><td>&#8211;<\/td><td>&#8211;<\/td><td>&#8211;<\/td><td>&#8211;<\/td><td>&#8211;<\/td><td>&#8211;<\/td><td>&#8211;<\/td><td>&#8211;<\/td><td>1<\/td><\/tr><tr><td class=\"\">26.-34.<\/td><td class=\"\">Vaike Protten<\/td><td class=\"\"><b>1<\/b><\/td><td>&#8211;<\/td><td>&#8211;<\/td><td>&#8211;<\/td><td>&#8211;<\/td><td>&#8211;<\/td><td>&#8211;<\/td><td>&#8211;<\/td><td>&#8211;<\/td><td>&#8211;<\/td><td>&#8211;<\/td><td>&#8211;<\/td><td>&#8211;<\/td><td>&#8211;<\/td><td>&#8211;<\/td><td>&#8211;<\/td><td>&#8211;<\/td><td>&#8211;<\/td><td>&#8211;<\/td><td>&#8211;<\/td><td>&#8211;<\/td><td>&#8211;<\/td><td>&#8211;<\/td><td>1<\/td><td>&#8211;<\/td><td>&#8211;<\/td><\/tr><tr><td class=\"\">26.-34.<\/td><td class=\"\">Annely Ritson<\/td><td class=\"\"><b>1<\/b><\/td><td>&#8211;<\/td><td>&#8211;<\/td><td>&#8211;<\/td><td>&#8211;<\/td><td>&#8211;<\/td><td>&#8211;<\/td><td>&#8211;<\/td><td>&#8211;<\/td><td>&#8211;<\/td><td>&#8211;<\/td><td>&#8211;<\/td><td>&#8211;<\/td><td>&#8211;<\/td><td>&#8211;<\/td><td>&#8211;<\/td><td>&#8211;<\/td><td>1<\/td><td>&#8211;<\/td><td>&#8211;<\/td><td>&#8211;<\/td><td>&#8211;<\/td><td>&#8211;<\/td><td>&#8211;<\/td><td>&#8211;<\/td><td>&#8211;<\/td><\/tr><tr><td class=\"\">26.-34.<\/td><td class=\"\">Tiia Lige<\/td><td class=\"\"><b>1<\/b><\/td><td>&#8211;<\/td><td>&#8211;<\/td><td>&#8211;<\/td><td>&#8211;<\/td><td>&#8211;<\/td><td>&#8211;<\/td><td>&#8211;<\/td><td>&#8211;<\/td><td>&#8211;<\/td><td>&#8211;<\/td><td>&#8211;<\/td><td>1<\/td><td>&#8211;<\/td><td>&#8211;<\/td><td>&#8211;<\/td><td>&#8211;<\/td><td>&#8211;<\/td><td>&#8211;<\/td><td>&#8211;<\/td><td>&#8211;<\/td><td>&#8211;<\/td><td>&#8211;<\/td><td>&#8211;<\/td><td>&#8211;<\/td><td>&#8211;<\/td><\/tr><tr><td class=\"\">26.-34.<\/td><td class=\"\">Terje Tamm<\/td><td class=\"\"><strong>1<\/strong><\/td><td>&#8211;<\/td><td>&#8211;<\/td><td>&#8211;<\/td><td>&#8211;<\/td><td>&#8211;<\/td><td>&#8211;<\/td><td>&#8211;<\/td><td>&#8211;<\/td><td>&#8211;<\/td><td>1<\/td><td>&#8211;<\/td><td>&#8211;<\/td><td>&#8211;<\/td><td>&#8211;<\/td><td>&#8211;<\/td><td>&#8211;<\/td><td>&#8211;<\/td><td>&#8211;<\/td><td>&#8211;<\/td><td>&#8211;<\/td><td>&#8211;<\/td><td>&#8211;<\/td><td>&#8211;<\/td><td>&#8211;<\/td><td>&#8211;<\/td><\/tr><tr><td class=\"\">26.-34.<\/td><td class=\"\">Liina Rohi<\/td><td class=\"\"><strong>1<\/strong><\/td><td>&#8211;<\/td><td>&#8211;<\/td><td>&#8211;<\/td><td>&#8211;<\/td><td>&#8211;<\/td><td>1<\/td><td>&#8211;<\/td><td>&#8211;<\/td><td>&#8211;<\/td><td>&#8211;<\/td><td>&#8211;<\/td><td>&#8211;<\/td><td>&#8211;<\/td><td>&#8211;<\/td><td>&#8211;<\/td><td>&#8211;<\/td><td>&#8211;<\/td><td>&#8211;<\/td><td>&#8211;<\/td><td>&#8211;<\/td><td>&#8211;<\/td><td>&#8211;<\/td><td>&#8211;<\/td><td>&#8211;<\/td><td>&#8211;<\/td><\/tr><tr><td class=\"\">26.-34.<\/td><td class=\"\">Eli Vainlo<\/td><td class=\"\"><strong>1<\/strong><\/td><td>&#8211;<\/td><td>&#8211;<\/td><td>1<\/td><td>&#8211;<\/td><td>&#8211;<\/td><td>&#8211;<\/td><td>&#8211;<\/td><td>&#8211;<\/td><td>&#8211;<\/td><td>&#8211;<\/td><td>&#8211;<\/td><td>&#8211;<\/td><td>&#8211;<\/td><td>&#8211;<\/td><td>&#8211;<\/td><td>&#8211;<\/td><td>&#8211;<\/td><td>&#8211;<\/td><td>&#8211;<\/td><td>&#8211;<\/td><td>&#8211;<\/td><td>&#8211;<\/td><td>&#8211;<\/td><td>&#8211;<\/td><td>&#8211;<\/td><\/tr><tr><td class=\"\">26.-34.<\/td><td class=\"\">Riina Veiram<\/td><td class=\"\"><strong>1<\/strong><\/td><td>&#8211;<\/td><td>1<\/td><td>&#8211;<\/td><td>&#8211;<\/td><td>&#8211;<\/td><td>&#8211;<\/td><td>&#8211;<\/td><td>&#8211;<\/td><td>&#8211;<\/td><td>&#8211;<\/td><td>&#8211;<\/td><td>&#8211;<\/td><td>&#8211;<\/td><td>&#8211;<\/td><td>&#8211;<\/td><td>&#8211;<\/td><td>&#8211;<\/td><td>&#8211;<\/td><td>&#8211;<\/td><td>&#8211;<\/td><td>&#8211;<\/td><td>&#8211;<\/td><td>&#8211;<\/td><td>&#8211;<\/td><td>&#8211;<\/td><\/tr><\/tbody><\/table><p>V\u00f5istluselt EVML reitingu arvestuses maksimum kohapunktide saamine ei t\u00e4henda alati v\u00f5istluse v\u00f5itmist (n\u00e4iteks v\u00e4lisv\u00f5istlejatele avatud v\u00f5i meeste-naiste \u00fchise arvestusega v\u00f5istlused).<\/p><p>Eesti bowlingum\u00e4ngijate reitingut peetakse alates hooajast 2001-2002<\/p>\t\t\t\t\t\t\t\t<\/div>\n\t\t\t\t<\/div>\n\t\t\t\t\t<\/div>\n\t\t\t\t<\/div>\n\t\t\t\t<\/div>\n\t\t","protected":false},"excerpt":{"rendered":"<p>EVML reitinguv\u00f5istlustel saavutatud naiste reitinguarvestuse esikohad. Koht Nimi Kokku 20252026 20242025 20232024 20222023 20212022 20202021 20192020 20182019 20172018 2016 2017 2015 2016 2014 2015 2013 2014 2012 2013 2011 2012 [&hellip;]<\/p>\n","protected":false},"author":2,"featured_media":0,"parent":0,"menu_order":0,"comment_status":"closed","ping_status":"closed","template":"","meta":{"_acf_changed":false,"_monsterinsights_skip_tracking":false,"_monsterinsights_sitenote_active":false,"_monsterinsights_sitenote_note":"","_monsterinsights_sitenote_category":0,"footnotes":""},"class_list":["post-2336","page","type-page","status-publish","hentry"],"acf":[],"aioseo_notices":[],"_links":{"self":[{"href":"https:\/\/evml.ee\/bowling_uus\/wp-json\/wp\/v2\/pages\/2336","targetHints":{"allow":["GET"]}}],"collection":[{"href":"https:\/\/evml.ee\/bowling_uus\/wp-json\/wp\/v2\/pages"}],"about":[{"href":"https:\/\/evml.ee\/bowling_uus\/wp-json\/wp\/v2\/types\/page"}],"author":[{"embeddable":true,"href":"https:\/\/evml.ee\/bowling_uus\/wp-json\/wp\/v2\/users\/2"}],"replies":[{"embeddable":true,"href":"https:\/\/evml.ee\/bowling_uus\/wp-json\/wp\/v2\/comments?post=2336"}],"version-history":[{"count":5,"href":"https:\/\/evml.ee\/bowling_uus\/wp-json\/wp\/v2\/pages\/2336\/revisions"}],"predecessor-version":[{"id":2341,"href":"https:\/\/evml.ee\/bowling_uus\/wp-json\/wp\/v2\/pages\/2336\/revisions\/2341"}],"wp:attachment":[{"href":"https:\/\/evml.ee\/bowling_uus\/wp-json\/wp\/v2\/media?parent=2336"}],"curies":[{"name":"wp","href":"https:\/\/api.w.org\/{rel}","templated":true}]}}